{"id":14877,"date":"2023-12-02T22:44:33","date_gmt":"2023-12-02T22:44:33","guid":{"rendered":"https:\/\/bayviewsantorini.com\/?page_id=14877"},"modified":"2026-04-01T09:38:39","modified_gmt":"2026-04-01T09:38:39","slug":"cookies","status":"publish","type":"page","link":"https:\/\/bayviewsantorini.com\/de\/cookies\/","title":{"rendered":"Cookies"},"content":{"rendered":"<section class=\"standard-page brando-row-1 padding-ten-lr\"><div class=\"container\"><div class=\"row\"><div class=\"wpb_column brando-column-container brando-column-1  col-xs-mobile-fullwidth\" data-front-class=\"brando-column-container brando-column-1 col-xs-mobile-fullwidth front-column-class\"><div class=\"vc-column-innner-wrapper\"><div class=\"wpd-innner-wrapper\"><div class=\"brando-text-1\"><h3 data-section-id=\"1m4h9nw\" data-start=\"73\" data-end=\"98\"><span role=\"text\"><strong data-start=\"77\" data-end=\"98\">COOKIE-RICHTLINIE<\/strong><\/span><\/h3>\n<p data-start=\"100\" data-end=\"428\">Durch die Nutzung dieser Website akzeptieren Sie unsere Richtlinie und erteilen Ihre Einwilligung zur Verwendung von Cookies gem\u00e4\u00df dieser Erkl\u00e4rung sowie den geltenden nationalen gesetzlichen Bestimmungen. Die Nutzung dieser Website gilt als Zustimmung zur Verwendung von Cookies und zur Speicherung von Cookies auf Ihrem Ger\u00e4t.<\/p>\n<p data-start=\"430\" data-end=\"702\">Wenn Sie mit der Verwendung von Cookies nicht einverstanden sind, sollten Sie Ihren Browser entsprechend konfigurieren oder unsere Website nicht nutzen. Das Deaktivieren von Cookies kann dazu f\u00fchren, dass bestimmte Funktionen der Website nicht ordnungsgem\u00e4\u00df funktionieren.<\/p>\n<hr data-start=\"704\" data-end=\"707\" \/>\n<h3 data-section-id=\"1f38ybf\" data-start=\"709\" data-end=\"734\"><span role=\"text\"><strong data-start=\"713\" data-end=\"734\">WAS SIND COOKIES?<\/strong><\/span><\/h3>\n<p data-start=\"736\" data-end=\"1066\">Der Begriff \u201eCookie\u201c bezeichnet eine kleine Datendatei, die ausschlie\u00dflich aus einer Reihe von Informationen im Textformat besteht und von einer Website an den Webbrowser auf der Festplatte Ihres Computers \u00fcbertragen wird \u2013 entweder vor\u00fcbergehend w\u00e4hrend Ihres Besuchs oder f\u00fcr l\u00e4ngere Zeitr\u00e4ume, abh\u00e4ngig von der Art des Cookies.<\/p>\n<p data-start=\"1068\" data-end=\"1322\">Cookies erf\u00fcllen verschiedene Funktionen (z. B. unterscheiden sie Sie von anderen Besuchern derselben Website oder speichern bestimmte Informationen wie Ihre Pr\u00e4ferenzen) und werden von den meisten Websites verwendet, um Ihr Nutzererlebnis zu verbessern.<\/p>\n<p data-start=\"1324\" data-end=\"1594\">Jedes Cookie ist einzigartig f\u00fcr Ihren Browser und enth\u00e4lt bestimmte anonyme Informationen. Ein Cookie enth\u00e4lt in der Regel den Namen der Domain, von der es stammt, die \u201eLebensdauer\u201c des Cookies sowie einen Wert (in der Regel eine zuf\u00e4llig generierte eindeutige Nummer).<\/p>\n<hr data-start=\"1596\" data-end=\"1599\" \/>\n<h3 data-section-id=\"gvbxii\" data-start=\"1601\" data-end=\"1626\"><span role=\"text\"><strong data-start=\"1605\" data-end=\"1626\">ARTEN VON COOKIES<\/strong><\/span><\/h3>\n<p data-start=\"1628\" data-end=\"1699\">Die wichtigsten Arten von Cookies, die Websites verwenden k\u00f6nnen, sind:<\/p>\n<p data-start=\"1701\" data-end=\"1881\"><strong data-start=\"1701\" data-end=\"1720\">Session-Cookies<\/strong><br data-start=\"1720\" data-end=\"1723\" \/>Dies sind tempor\u00e4re Cookies, die nur w\u00e4hrend Ihres Besuchs im Cookie-Speicher Ihres Browsers verbleiben und gel\u00f6scht werden, sobald Sie den Browser schlie\u00dfen.<\/p>\n<p data-start=\"1883\" data-end=\"2188\"><strong data-start=\"1883\" data-end=\"1906\">Persistente Cookies<\/strong><br data-start=\"1906\" data-end=\"1909\" \/>Diese verbleiben auch nach dem Schlie\u00dfen des Browsers auf Ihrem Ger\u00e4t, manchmal f\u00fcr ein Jahr oder l\u00e4nger (abh\u00e4ngig von der jeweiligen Lebensdauer des Cookies). Sie werden verwendet, um Informationen \u00fcber mehrere Besuche hinweg zu speichern (z. B. Benutzernamen oder Pr\u00e4ferenzen).<\/p>\n<p data-start=\"2190\" data-end=\"2395\"><strong data-start=\"2190\" data-end=\"2213\">First-Party-Cookies<\/strong><br data-start=\"2213\" data-end=\"2216\" \/>Diese werden direkt von der Website, die Sie besuchen, auf Ihrem Ger\u00e4t gespeichert. Sie dienen h\u00e4ufig dazu, Ihre Nutzung der Website zu verfolgen und die Navigation zu verbessern.<\/p>\n<p data-start=\"2397\" data-end=\"2616\"><strong data-start=\"2397\" data-end=\"2420\">Third-Party-Cookies<\/strong><br data-start=\"2420\" data-end=\"2423\" \/>Diese werden von Drittanbietern (z. B. sozialen Netzwerken) gesetzt, um Ihre Besuche auf verschiedenen Websites zu verfolgen. Der Betreiber dieser Website hat keinen Einfluss auf diese Cookies.<\/p>\n<hr data-start=\"2618\" data-end=\"2621\" \/>\n<h3 data-section-id=\"dsym0e\" data-start=\"2623\" data-end=\"2677\"><span role=\"text\"><strong data-start=\"2627\" data-end=\"2677\">COOKIES AUF DIESER WEBSITE UND IHRE VERWALTUNG<\/strong><\/span><\/h3>\n<p data-start=\"2679\" data-end=\"2880\">Auf dieser Website verwenden wir Cookies, um die Benutzererfahrung zu verbessern. Wenn Sie Cookies deaktivieren oder nicht akzeptieren, kann die Funktionalit\u00e4t der Website erheblich eingeschr\u00e4nkt sein.<\/p>\n<p data-start=\"2882\" data-end=\"3050\">Weitere Informationen \u00fcber Drittanbieter-Cookies, deren Deaktivierung sowie deren Auswirkungen auf die Website-Funktionalit\u00e4t finden Sie hier:<br data-start=\"3024\" data-end=\"3027\" \/><a class=\"decorated-link\" href=\"http:\/\/www.aboutcookies.org\" target=\"_new\" rel=\"noopener\" data-start=\"3030\" data-end=\"3050\">www.aboutcookies.org<\/a><\/p>\n<p data-start=\"3052\" data-end=\"3158\">Um Cookies zu verwalten, w\u00e4hlen Sie bitte Ihren Browser aus und folgen Sie den entsprechenden Anweisungen:<\/p>\n<ul data-start=\"3160\" data-end=\"3225\">\n<li data-section-id=\"hzfmvs\" data-start=\"3160\" data-end=\"3181\">Internet Explorer<\/li>\n<li data-section-id=\"aoo9xy\" data-start=\"3182\" data-end=\"3192\">Chrome<\/li>\n<li data-section-id=\"bcdque\" data-start=\"3193\" data-end=\"3203\">Safari<\/li>\n<li data-section-id=\"cuslc1\" data-start=\"3204\" data-end=\"3215\">Firefox<\/li>\n<li data-section-id=\"7hbwkh\" data-start=\"3216\" data-end=\"3225\">Opera<\/li>\n<\/ul>\n<p data-start=\"3227\" data-end=\"3245\"><strong data-start=\"3227\" data-end=\"3245\">Mobile Ger\u00e4te:<\/strong><\/p>\n<ul data-start=\"3246\" data-end=\"3268\">\n<li data-section-id=\"1oj64sz\" data-start=\"3246\" data-end=\"3257\">Android<\/li>\n<li data-section-id=\"bcdque\" data-start=\"3258\" data-end=\"3268\">Safari<\/li>\n<\/ul>\n<hr data-start=\"3270\" data-end=\"3273\" \/>\n<h3 data-section-id=\"tkiiku\" data-start=\"3275\" data-end=\"3307\"><span role=\"text\"><strong data-start=\"3279\" data-end=\"3307\">GOOGLE ANALYTICS COOKIES<\/strong><\/span><\/h3>\n<p data-start=\"3309\" data-end=\"3461\">Diese Website verwendet Cookies von <span class=\"hover:entity-accent entity-underline inline cursor-pointer align-baseline\"><span class=\"whitespace-normal\">Google Analytics<\/span><\/span>, um anonyme Informationen dar\u00fcber zu sammeln, wie Besucher die Website nutzen.<\/p>\n<p data-start=\"3463\" data-end=\"3503\">Diese Cookies liefern Informationen wie:<\/p>\n<ul data-start=\"3504\" data-end=\"3590\">\n<li data-section-id=\"4cq6c6\" data-start=\"3504\" data-end=\"3527\">Anzahl der Besucher<\/li>\n<li data-section-id=\"tz7350\" data-start=\"3528\" data-end=\"3549\">Dauer des Besuchs<\/li>\n<li data-section-id=\"1v0rf4\" data-start=\"3550\" data-end=\"3590\">Navigationsverhalten auf der Website<\/li>\n<\/ul>\n<p data-start=\"3592\" data-end=\"3760\">Diese Daten helfen uns, die Funktionalit\u00e4t der Website zu verbessern. Es handelt sich dabei um anonymisierte Daten, die keine personenbezogenen Informationen enthalten.<\/p>\n<p data-start=\"3762\" data-end=\"3893\">Die gesammelten Daten werden gem\u00e4\u00df der Datenschutzrichtlinie von <span class=\"hover:entity-accent entity-underline inline cursor-pointer align-baseline\"><span class=\"whitespace-normal\">Google<\/span><\/span> gespeichert und verarbeitet.<\/p>\n<p data-start=\"3895\" data-end=\"3973\">Weitere Informationen:<br data-start=\"3917\" data-end=\"3920\" \/><a class=\"decorated-link\" href=\"https:\/\/support.google.com\/analytics\/answer\/6004245\" target=\"_new\" rel=\"noopener\" data-start=\"3920\" data-end=\"3971\">https:\/\/support.google.com\/analytics\/answer\/6004245<\/a><\/p>\n<p data-start=\"3975\" data-end=\"4028\">Opt-out:<br data-start=\"3983\" data-end=\"3986\" \/><a class=\"decorated-link\" href=\"https:\/\/tools.google.com\/dlpage\/gaoptout\" target=\"_new\" rel=\"noopener\" data-start=\"3986\" data-end=\"4026\">https:\/\/tools.google.com\/dlpage\/gaoptout<\/a><\/p>\n<p data-start=\"4030\" data-end=\"4191\">Wenn Sie diese Cookies deaktivieren, wird Ihre Nutzung der Website nicht in unsere Statistiken einbezogen. Die Funktionalit\u00e4t der Website bleibt davon unber\u00fchrt.<\/p>\n<hr data-start=\"4193\" data-end=\"4196\" \/>\n<h3 data-section-id=\"s0n8e7\" data-start=\"4198\" data-end=\"4273\"><span role=\"text\"><strong data-start=\"4202\" data-end=\"4273\">COOKIES VON VIDEO-DIENSTANBIETERN (GOOGLE, VIMEO, DAILYMOTION USW.)<\/strong><\/span><\/h3>\n<p data-start=\"4275\" data-end=\"4389\">Diese Anbieter k\u00f6nnen Cookies auf Ihrem Ger\u00e4t speichern, wenn Sie eingebettete Videos auf unserer Website ansehen.<\/p>\n<p data-start=\"4391\" data-end=\"4480\">Wenn Sie diese Cookies deaktivieren, k\u00f6nnen Sie m\u00f6glicherweise keine Videos mehr ansehen.<\/p>\n<hr data-start=\"4482\" data-end=\"4485\" \/>\n<h3 data-section-id=\"1m3o7hm\" data-start=\"4487\" data-end=\"4526\"><span role=\"text\"><strong data-start=\"4491\" data-end=\"4526\">COOKIES VON SOZIALEN NETZWERKEN<\/strong><\/span><\/h3>\n<p data-start=\"4528\" data-end=\"4635\">Drittanbieter sozialer Netzwerke k\u00f6nnen Cookies setzen, wenn Sie Inhalte \u00fcber die \u201eTeilen\u201c-Funktion teilen.<\/p>\n<p data-start=\"4637\" data-end=\"4722\">Wenn Sie diese Cookies deaktivieren, steht die \u201eTeilen\u201c-Funktion nicht zur Verf\u00fcgung.<\/p>\n<hr data-start=\"4724\" data-end=\"4727\" \/>\n<h3 data-section-id=\"6lrcbg\" data-start=\"4729\" data-end=\"4758\"><span role=\"text\"><strong data-start=\"4733\" data-end=\"4758\">DATENSCHUTZRICHTLINIE<\/strong><\/span><\/h3>\n<p data-start=\"4760\" data-end=\"4825\" data-is-last-node=\"\" data-is-only-node=\"\">Weitere Informationen <a href=\"https:\/\/bayviewsantorini.com\/de\/datenschutzerklaerung\/\">finden Sie in unserer Datenschutzerkl\u00e4rung<\/a>.<\/p>\n<\/div><\/div><\/div><\/div><\/div><\/div><\/section>","protected":false},"excerpt":{"rendered":"<p>COOKIE-RICHTLINIE Durch die Nutzung dieser Website akzeptieren Sie unsere Richtlinie und erteilen Ihre Einwilligung zur Verwendung von Cookies gem\u00e4\u00df dieser Erkl\u00e4rung sowie den geltenden nationalen gesetzlichen Bestimmungen. Die Nutzung dieser Website gilt als Zustimmung zur Verwendung von Cookies und zur Speicherung von Cookies auf Ihrem Ger\u00e4t. Wenn Sie mit der Verwendung von Cookies nicht einverstanden [&hellip;]<\/p>\n","protected":false},"author":2,"featured_media":0,"parent":0,"menu_order":0,"comment_status":"closed","ping_status":"closed","template":"","meta":{"footnotes":""},"class_list":["post-14877","page","type-page","status-publish","hentry"],"yoast_head":"<!-- This site is optimized with the Yoast SEO plugin v26.4 - https:\/\/yoast.com\/wordpress\/plugins\/seo\/ -->\n<title>Cookies - Bay View Residences<\/title>\n<meta name=\"description\" content=\"Erfahren Sie, wie das Bay View Cookies verwendet, um Ihr Navigationserlebnis zu verbessern und den Website-Traffic zu analysieren.\" \/>\n<meta name=\"robots\" content=\"index, follow, max-snippet:-1, max-image-preview:large, max-video-preview:-1\" \/>\n<link rel=\"canonical\" href=\"https:\/\/bayviewsantorini.com\/de\/cookies\/\" \/>\n<meta property=\"og:locale\" content=\"de_DE\" \/>\n<meta property=\"og:type\" content=\"article\" \/>\n<meta property=\"og:title\" content=\"Cookies - Bay View Residences\" \/>\n<meta property=\"og:description\" content=\"Erfahren Sie, wie das Bay View Cookies verwendet, um Ihr Navigationserlebnis zu verbessern und den Website-Traffic zu analysieren.\" \/>\n<meta property=\"og:url\" content=\"https:\/\/bayviewsantorini.com\/de\/cookies\/\" \/>\n<meta property=\"og:site_name\" content=\"Bay View Residences\" \/>\n<meta property=\"article:modified_time\" content=\"2026-04-01T09:38:39+00:00\" \/>\n<meta property=\"og:image\" content=\"https:\/\/bayviewsantorini.com\/wp-content\/uploads\/BayViewResidences-13.jpg\" \/>\n\t<meta property=\"og:image:width\" content=\"2500\" \/>\n\t<meta property=\"og:image:height\" content=\"1406\" \/>\n\t<meta property=\"og:image:type\" content=\"image\/jpeg\" \/>\n<meta name=\"twitter:card\" content=\"summary_large_image\" \/>\n<meta name=\"twitter:label1\" content=\"Gesch\u00e4tzte Lesezeit\" \/>\n\t<meta name=\"twitter:data1\" content=\"3\u00a0Minuten\" \/>\n<script type=\"application\/ld+json\" class=\"yoast-schema-graph\">{\"@context\":\"https:\/\/schema.org\",\"@graph\":[{\"@type\":\"WebPage\",\"@id\":\"https:\/\/bayviewsantorini.com\/de\/cookies\/\",\"url\":\"https:\/\/bayviewsantorini.com\/de\/cookies\/\",\"name\":\"Cookies - Bay View Residences\",\"isPartOf\":{\"@id\":\"https:\/\/bayviewsantorini.com\/de\/#website\"},\"datePublished\":\"2023-12-02T22:44:33+00:00\",\"dateModified\":\"2026-04-01T09:38:39+00:00\",\"description\":\"Erfahren Sie, wie das Bay View Cookies verwendet, um Ihr Navigationserlebnis zu verbessern und den Website-Traffic zu analysieren.\",\"breadcrumb\":{\"@id\":\"https:\/\/bayviewsantorini.com\/de\/cookies\/#breadcrumb\"},\"inLanguage\":\"de\",\"potentialAction\":[{\"@type\":\"ReadAction\",\"target\":[\"https:\/\/bayviewsantorini.com\/de\/cookies\/\"]}]},{\"@type\":\"BreadcrumbList\",\"@id\":\"https:\/\/bayviewsantorini.com\/de\/cookies\/#breadcrumb\",\"itemListElement\":[{\"@type\":\"ListItem\",\"position\":1,\"name\":\"Home\",\"item\":\"https:\/\/bayviewsantorini.com\/de\/\"},{\"@type\":\"ListItem\",\"position\":2,\"name\":\"Cookies\"}]},{\"@type\":\"WebSite\",\"@id\":\"https:\/\/bayviewsantorini.com\/de\/#website\",\"url\":\"https:\/\/bayviewsantorini.com\/de\/\",\"name\":\"Bay View Residences\",\"description\":\"\",\"publisher\":{\"@id\":\"https:\/\/bayviewsantorini.com\/de\/#organization\"},\"potentialAction\":[{\"@type\":\"SearchAction\",\"target\":{\"@type\":\"EntryPoint\",\"urlTemplate\":\"https:\/\/bayviewsantorini.com\/de\/?s={search_term_string}\"},\"query-input\":{\"@type\":\"PropertyValueSpecification\",\"valueRequired\":true,\"valueName\":\"search_term_string\"}}],\"inLanguage\":\"de\"},{\"@type\":\"Organization\",\"@id\":\"https:\/\/bayviewsantorini.com\/de\/#organization\",\"name\":\"Bay View Residences\",\"url\":\"https:\/\/bayviewsantorini.com\/de\/\",\"logo\":{\"@type\":\"ImageObject\",\"inLanguage\":\"de\",\"@id\":\"https:\/\/bayviewsantorini.com\/de\/#\/schema\/logo\/image\/\",\"url\":\"https:\/\/bayviewsantorini.com\/wp-content\/uploads\/bayView-logo-retina.png\",\"contentUrl\":\"https:\/\/bayviewsantorini.com\/wp-content\/uploads\/bayView-logo-retina.png\",\"width\":400,\"height\":201,\"caption\":\"Bay View Residences\"},\"image\":{\"@id\":\"https:\/\/bayviewsantorini.com\/de\/#\/schema\/logo\/image\/\"}}]}<\/script>\n<!-- \/ Yoast SEO plugin. -->","yoast_head_json":{"title":"Cookies - Bay View Residences","description":"Erfahren Sie, wie das Bay View Cookies verwendet, um Ihr Navigationserlebnis zu verbessern und den Website-Traffic zu analysieren.","robots":{"index":"index","follow":"follow","max-snippet":"max-snippet:-1","max-image-preview":"max-image-preview:large","max-video-preview":"max-video-preview:-1"},"canonical":"https:\/\/bayviewsantorini.com\/de\/cookies\/","og_locale":"de_DE","og_type":"article","og_title":"Cookies - Bay View Residences","og_description":"Erfahren Sie, wie das Bay View Cookies verwendet, um Ihr Navigationserlebnis zu verbessern und den Website-Traffic zu analysieren.","og_url":"https:\/\/bayviewsantorini.com\/de\/cookies\/","og_site_name":"Bay View Residences","article_modified_time":"2026-04-01T09:38:39+00:00","og_image":[{"width":2500,"height":1406,"url":"https:\/\/bayviewsantorini.com\/wp-content\/uploads\/BayViewResidences-13.jpg","type":"image\/jpeg"}],"twitter_card":"summary_large_image","twitter_misc":{"Gesch\u00e4tzte Lesezeit":"3\u00a0Minuten"},"schema":{"@context":"https:\/\/schema.org","@graph":[{"@type":"WebPage","@id":"https:\/\/bayviewsantorini.com\/de\/cookies\/","url":"https:\/\/bayviewsantorini.com\/de\/cookies\/","name":"Cookies - Bay View Residences","isPartOf":{"@id":"https:\/\/bayviewsantorini.com\/de\/#website"},"datePublished":"2023-12-02T22:44:33+00:00","dateModified":"2026-04-01T09:38:39+00:00","description":"Erfahren Sie, wie das Bay View Cookies verwendet, um Ihr Navigationserlebnis zu verbessern und den Website-Traffic zu analysieren.","breadcrumb":{"@id":"https:\/\/bayviewsantorini.com\/de\/cookies\/#breadcrumb"},"inLanguage":"de","potentialAction":[{"@type":"ReadAction","target":["https:\/\/bayviewsantorini.com\/de\/cookies\/"]}]},{"@type":"BreadcrumbList","@id":"https:\/\/bayviewsantorini.com\/de\/cookies\/#breadcrumb","itemListElement":[{"@type":"ListItem","position":1,"name":"Home","item":"https:\/\/bayviewsantorini.com\/de\/"},{"@type":"ListItem","position":2,"name":"Cookies"}]},{"@type":"WebSite","@id":"https:\/\/bayviewsantorini.com\/de\/#website","url":"https:\/\/bayviewsantorini.com\/de\/","name":"Bay View Residences","description":"","publisher":{"@id":"https:\/\/bayviewsantorini.com\/de\/#organization"},"potentialAction":[{"@type":"SearchAction","target":{"@type":"EntryPoint","urlTemplate":"https:\/\/bayviewsantorini.com\/de\/?s={search_term_string}"},"query-input":{"@type":"PropertyValueSpecification","valueRequired":true,"valueName":"search_term_string"}}],"inLanguage":"de"},{"@type":"Organization","@id":"https:\/\/bayviewsantorini.com\/de\/#organization","name":"Bay View Residences","url":"https:\/\/bayviewsantorini.com\/de\/","logo":{"@type":"ImageObject","inLanguage":"de","@id":"https:\/\/bayviewsantorini.com\/de\/#\/schema\/logo\/image\/","url":"https:\/\/bayviewsantorini.com\/wp-content\/uploads\/bayView-logo-retina.png","contentUrl":"https:\/\/bayviewsantorini.com\/wp-content\/uploads\/bayView-logo-retina.png","width":400,"height":201,"caption":"Bay View Residences"},"image":{"@id":"https:\/\/bayviewsantorini.com\/de\/#\/schema\/logo\/image\/"}}]}},"_links":{"self":[{"href":"https:\/\/bayviewsantorini.com\/de\/wp-json\/wp\/v2\/pages\/14877","targetHints":{"allow":["GET"]}}],"collection":[{"href":"https:\/\/bayviewsantorini.com\/de\/wp-json\/wp\/v2\/pages"}],"about":[{"href":"https:\/\/bayviewsantorini.com\/de\/wp-json\/wp\/v2\/types\/page"}],"author":[{"embeddable":true,"href":"https:\/\/bayviewsantorini.com\/de\/wp-json\/wp\/v2\/users\/2"}],"replies":[{"embeddable":true,"href":"https:\/\/bayviewsantorini.com\/de\/wp-json\/wp\/v2\/comments?post=14877"}],"version-history":[{"count":3,"href":"https:\/\/bayviewsantorini.com\/de\/wp-json\/wp\/v2\/pages\/14877\/revisions"}],"predecessor-version":[{"id":14884,"href":"https:\/\/bayviewsantorini.com\/de\/wp-json\/wp\/v2\/pages\/14877\/revisions\/14884"}],"wp:attachment":[{"href":"https:\/\/bayviewsantorini.com\/de\/wp-json\/wp\/v2\/media?parent=14877"}],"curies":[{"name":"wp","href":"https:\/\/api.w.org\/{rel}","templated":true}]}}