{"id":14881,"date":"2023-12-03T13:03:50","date_gmt":"2023-12-03T13:03:50","guid":{"rendered":"https:\/\/bayviewsantorini.com\/?page_id=14881"},"modified":"2026-04-01T09:39:16","modified_gmt":"2026-04-01T09:39:16","slug":"datenschutzerklaerung","status":"publish","type":"page","link":"https:\/\/bayviewsantorini.com\/de\/datenschutzerklaerung\/","title":{"rendered":"Datenschutzerkl\u00e4rung"},"content":{"rendered":"<section class=\"standard-page brando-row-1 padding-ten-lr\"><div class=\"container\"><div class=\"row\"><div class=\"wpb_column brando-column-container brando-column-1  col-xs-mobile-fullwidth\" data-front-class=\"brando-column-container brando-column-1 col-xs-mobile-fullwidth front-column-class\"><div class=\"vc-column-innner-wrapper\"><div class=\"wpd-innner-wrapper\"><div class=\"brando-text-1\"><h3 data-section-id=\"1hxkiza\" data-start=\"91\" data-end=\"139\"><span role=\"text\"><strong data-start=\"95\" data-end=\"139\">DATENSCHUTZERKL\u00c4RUNG &amp; DSGVO-KONFORMIT\u00c4T<\/strong><\/span><\/h3>\n<h3 data-section-id=\"14qxsyk\" data-start=\"141\" data-end=\"160\"><span role=\"text\"><strong data-start=\"145\" data-end=\"160\">ALLGEMEINES<\/strong><\/span><\/h3>\n<p data-start=\"162\" data-end=\"461\">Die Nutzung der elektronischen Seiten und Dienstleistungen, die dem Besucher\/Nutzer \u00fcber die Website bayviewsantorini.com, im Eigentum von Georgios Papalexis (nachfolgend \u201edas Unternehmen\u201c), zur Verf\u00fcgung gestellt werden, setzt Ihre uneingeschr\u00e4nkte Zustimmung zu dieser Datenschutzerkl\u00e4rung voraus.<\/p>\n<p data-start=\"463\" data-end=\"722\">Daher ist der Besucher\/Nutzer verpflichtet, den Inhalt dieser Seite sorgf\u00e4ltig zu lesen, bevor er die Dienstleistungen unserer Website nutzt. Wenn er nicht einverstanden ist, sollte er die Website verlassen und deren Inhalte und Dienstleistungen nicht nutzen.<\/p>\n<p data-start=\"724\" data-end=\"1169\">Diese Datenschutzerkl\u00e4rung kann von Zeit zu Zeit entsprechend der Gesetzgebung oder Branchenentwicklungen ge\u00e4ndert werden. Wir informieren unsere Kunden oder Nutzer nicht ausdr\u00fccklich \u00fcber solche \u00c4nderungen. Stattdessen empfehlen wir Ihnen, diese Seite regelm\u00e4\u00dfig auf m\u00f6gliche \u00c4nderungen zu \u00fcberpr\u00fcfen. Die fortgesetzte Nutzung der Website bayviewsantorini.com nach etwaigen \u00c4nderungen gilt als uneingeschr\u00e4nkte Zustimmung zu diesen Bedingungen.<\/p>\n<hr data-start=\"1171\" data-end=\"1174\" \/>\n<h3 data-section-id=\"sl0qaw\" data-start=\"1176\" data-end=\"1214\"><span role=\"text\"><strong data-start=\"1180\" data-end=\"1214\">SCHUTZ PERSONENBEZOGENER DATEN<\/strong><\/span><\/h3>\n<p data-start=\"1216\" data-end=\"1315\">Wir erheben und verarbeiten Ihre personenbezogenen Daten nur, wenn dies unbedingt erforderlich ist.<\/p>\n<p data-start=\"1317\" data-end=\"1436\">Wir werden Ihre personenbezogenen Daten niemals verkaufen, vermieten, verbreiten oder auf andere Weise ver\u00f6ffentlichen.<\/p>\n<p data-start=\"1438\" data-end=\"1551\">Wenn Sie unter 16 Jahre alt sind, m\u00fcssen Sie vor der Nutzung dieser Website die Zustimmung Ihrer Eltern einholen.<\/p>\n<hr data-start=\"1553\" data-end=\"1556\" \/>\n<h3 data-section-id=\"1w33nv2\" data-start=\"1558\" data-end=\"1587\"><span role=\"text\"><strong data-start=\"1562\" data-end=\"1587\">RECHTLICHE GRUNDLAGEN<\/strong><\/span><\/h3>\n<p data-start=\"1589\" data-end=\"1755\">Zus\u00e4tzlich zu den internen IT-Systemen unseres Unternehmens wurde diese Website so gestaltet, dass sie den folgenden Datenschutzgesetzen und -vorschriften entspricht:<\/p>\n<ul data-start=\"1757\" data-end=\"1848\">\n<li data-section-id=\"okg225\" data-start=\"1757\" data-end=\"1800\">EU-Datenschutzrichtlinie von 1995 (DPD)<\/li>\n<li data-section-id=\"16d10o2\" data-start=\"1801\" data-end=\"1848\">EU-Datenschutz-Grundverordnung (DSGVO) 2018<\/li>\n<\/ul>\n<hr data-start=\"1850\" data-end=\"1853\" \/>\n<h3 data-section-id=\"1km1qhj\" data-start=\"1855\" data-end=\"1921\"><span role=\"text\"><strong data-start=\"1859\" data-end=\"1921\">PERSONENBEZOGENE DATEN, DIE DIESE WEBSITE ERHEBT UND WARUM<\/strong><\/span><\/h3>\n<p data-start=\"1923\" data-end=\"2003\">Diese Website erhebt und verwendet personenbezogene Daten aus folgenden Gr\u00fcnden:<\/p>\n<h4 data-start=\"2005\" data-end=\"2037\"><span role=\"text\"><strong data-start=\"2010\" data-end=\"2037\">Website-Traffic-Analyse<\/strong><\/span><\/h4>\n<p data-start=\"2039\" data-end=\"2168\">Wie die meisten Websites verwendet auch diese Website <span class=\"hover:entity-accent entity-underline inline cursor-pointer align-baseline\"><span class=\"whitespace-normal\">Google Analytics<\/span><\/span>, um die Nutzeraktivit\u00e4t zu verfolgen.<\/p>\n<p data-start=\"2170\" data-end=\"2193\">Diese Daten helfen uns:<\/p>\n<ul data-start=\"2194\" data-end=\"2360\">\n<li data-section-id=\"sfhcx1\" data-start=\"2194\" data-end=\"2234\">die Anzahl der Besucher zu ermitteln<\/li>\n<li data-section-id=\"1pns7ow\" data-start=\"2235\" data-end=\"2299\">zu verstehen, wie Nutzer unsere Website finden und verwenden<\/li>\n<li data-section-id=\"ylz18k\" data-start=\"2300\" data-end=\"2360\">das Nutzerverhalten innerhalb der Website zu analysieren<\/li>\n<\/ul>\n<p data-start=\"2362\" data-end=\"2438\">Diese Daten sind anonym und enthalten keine personenbezogenen Informationen.<\/p>\n<p data-start=\"2440\" data-end=\"2659\">Obwohl Daten wie geografischer Standort, Ger\u00e4t, Browser und Betriebssystem erfasst werden, erm\u00f6glichen diese keine pers\u00f6nliche Identifizierung. Die IP-Adresse wird ebenfalls erfasst, ist f\u00fcr uns jedoch nicht zug\u00e4nglich.<\/p>\n<p data-start=\"2661\" data-end=\"2796\">Wir betrachten <span class=\"hover:entity-accent entity-underline inline cursor-pointer align-baseline\"><span class=\"whitespace-normal\">Google<\/span><\/span> als einen Drittanbieter, der den europ\u00e4ischen Datenschutzanforderungen entspricht.<\/p>\n<p data-start=\"2798\" data-end=\"2873\">Weitere Informationen:<br data-start=\"2820\" data-end=\"2823\" \/><a class=\"decorated-link\" href=\"https:\/\/policies.google.com\/privacy\/update?hl=el\" target=\"_new\" rel=\"noopener\" data-start=\"2823\" data-end=\"2871\">https:\/\/policies.google.com\/privacy\/update?hl=el<\/a><\/p>\n<hr data-start=\"2875\" data-end=\"2878\" \/>\n<h3 data-section-id=\"11ninuy\" data-start=\"2880\" data-end=\"2902\"><span role=\"text\"><strong data-start=\"2884\" data-end=\"2902\">E-MAIL-KONTAKT<\/strong><\/span><\/h3>\n<p data-start=\"2904\" data-end=\"3026\">Wenn Sie uns per E-Mail kontaktieren, werden Ihre Daten nicht auf dieser Website gespeichert oder an Dritte weitergegeben.<\/p>\n<p data-start=\"3028\" data-end=\"3201\">Die \u00dcbertragung erfolgt \u00fcber das SMTP-Protokoll. Unsere Server verwenden TLS-Verschl\u00fcsselung (auch bekannt als SSL), sodass die Inhalte vor dem Versand verschl\u00fcsselt werden.<\/p>\n<hr data-start=\"3203\" data-end=\"3206\" \/>\n<h3 data-section-id=\"1b3frfj\" data-start=\"3208\" data-end=\"3232\"><span role=\"text\"><strong data-start=\"3212\" data-end=\"3232\">KONTAKTFORMULARE<\/strong><\/span><\/h3>\n<p data-start=\"3234\" data-end=\"3339\">Wenn Sie ein Kontaktformular verwenden, werden Ihre Daten nicht an Dritte weitergegeben oder verarbeitet.<\/p>\n<p data-start=\"3341\" data-end=\"3472\">Sie werden ausschlie\u00dflich f\u00fcr die direkte Kommunikation mit Ihnen und f\u00fcr die ordnungsgem\u00e4\u00dfe Funktion der Dienstleistung verwendet.<\/p>\n<hr data-start=\"3474\" data-end=\"3477\" \/>\n<h3 data-section-id=\"1n96omp\" data-start=\"3479\" data-end=\"3494\"><span role=\"text\"><strong data-start=\"3483\" data-end=\"3494\">COOKIES<\/strong><\/span><\/h3>\n<p data-start=\"3496\" data-end=\"3577\">Informationen \u00fcber die Verwendung von Cookies auf dieser Website finden Sie <a href=\"https:\/\/bayviewsantorini.com\/de\/cookies\/\">hier<\/a>.<\/p>\n<hr data-start=\"3579\" data-end=\"3582\" \/>\n<h3 data-section-id=\"13sn6et\" data-start=\"3584\" data-end=\"3628\"><span role=\"text\"><strong data-start=\"3588\" data-end=\"3628\">AUSKUNFT \u00dcBER PERSONENBEZOGENE DATEN<\/strong><\/span><\/h3>\n<p data-start=\"3630\" data-end=\"3773\">Wenn Sie eine Kopie Ihrer gespeicherten personenbezogenen Daten erhalten m\u00f6chten, kontaktieren Sie uns bitte unter:<br data-start=\"3745\" data-end=\"3748\" \/><a class=\"decorated-link cursor-pointer\" rel=\"noopener\" data-start=\"3748\" data-end=\"3773\">info@bayviewsantorini.com<\/a><\/p>\n<hr data-start=\"3775\" data-end=\"3778\" \/>\n<h3 data-section-id=\"1pc6a2d\" data-start=\"3780\" data-end=\"3820\"><span role=\"text\"><strong data-start=\"3784\" data-end=\"3820\">L\u00d6SCHUNG PERSONENBEZOGENER DATEN<\/strong><\/span><\/h3>\n<p data-start=\"3822\" data-end=\"3945\">Wenn Sie die L\u00f6schung Ihrer personenbezogenen Daten w\u00fcnschen, kontaktieren Sie uns bitte unter:<br data-start=\"3917\" data-end=\"3920\" \/><a class=\"decorated-link cursor-pointer\" rel=\"noopener\" data-start=\"3920\" data-end=\"3945\">info@bayviewsantorini.com<\/a><\/p>\n<hr data-start=\"3947\" data-end=\"3950\" \/>\n<h3 data-section-id=\"1wcndco\" data-start=\"3952\" data-end=\"3977\"><span role=\"text\"><strong data-start=\"3956\" data-end=\"3977\">SERVER-SICHERHEIT<\/strong><\/span><\/h3>\n<p data-start=\"3979\" data-end=\"4149\">Der gesamte Datenverkehr zwischen dieser Website und Ihrem Browser ist verschl\u00fcsselt und erfolgt \u00fcber das HTTPS-Protokoll unter Verwendung von SSL (Secure Sockets Layer).<\/p>\n<p data-start=\"4151\" data-end=\"4240\">Das Hosting dieser Website wird von <span class=\"hover:entity-accent entity-underline inline cursor-pointer align-baseline\"><span class=\"whitespace-normal\">Papaki<\/span><\/span> bereitgestellt.<\/p>\n<p data-start=\"4242\" data-end=\"4461\">Zur Gew\u00e4hrleistung von Vertraulichkeit, Integrit\u00e4t und Verf\u00fcgbarkeit der Informationen setzt Papaki ein Informationssicherheits-Managementsystem gem\u00e4\u00df ISO 27001:2013 ein, kombiniert mit den SANS Cyber Security Controls.<\/p>\n<hr data-start=\"4463\" data-end=\"4466\" \/>\n<h3 data-section-id=\"10wrfoz\" data-start=\"4468\" data-end=\"4506\"><span role=\"text\"><strong data-start=\"4472\" data-end=\"4506\">DRITTANBIETER-DATENVERARBEITER<\/strong><\/span><\/h3>\n<p data-start=\"4508\" data-end=\"4634\">Wir nutzen Drittanbieter f\u00fcr die Verarbeitung personenbezogener Daten (z. B. Hosting, Rechenzentren, Backups, Marketing usw.).<\/p>\n<p data-start=\"4636\" data-end=\"4737\">Diese Anbieter wurden sorgf\u00e4ltig ausgew\u00e4hlt, um den geltenden Datenschutzbestimmungen zu entsprechen.<\/p>\n<hr data-start=\"4739\" data-end=\"4742\" \/>\n<h3 data-section-id=\"7djbrh\" data-start=\"4744\" data-end=\"4769\"><span role=\"text\"><strong data-start=\"4748\" data-end=\"4769\">DATENVERLETZUNGEN<\/strong><\/span><\/h3>\n<p data-start=\"4771\" data-end=\"4900\">F\u00fcr alle personenbezogenen Daten, die in unserer Datenbank gespeichert werden, treffen wir alle notwendigen Sicherheitsma\u00dfnahmen.<\/p>\n<p data-start=\"4902\" data-end=\"5116\">Im Falle einer Datenschutzverletzung werden wir alle betroffenen Parteien sowie die zust\u00e4ndigen Beh\u00f6rden innerhalb von 72 Stunden informieren, sofern personenbezogene Daten in identifizierbarer Form betroffen sind.<\/p>\n<\/div><\/div><\/div><\/div><\/div><\/div><\/section>","protected":false},"excerpt":{"rendered":"<p>DATENSCHUTZERKL\u00c4RUNG &amp; DSGVO-KONFORMIT\u00c4T ALLGEMEINES Die Nutzung der elektronischen Seiten und Dienstleistungen, die dem Besucher\/Nutzer \u00fcber die Website bayviewsantorini.com, im Eigentum von Georgios Papalexis (nachfolgend \u201edas Unternehmen\u201c), zur Verf\u00fcgung gestellt werden, setzt Ihre uneingeschr\u00e4nkte Zustimmung zu dieser Datenschutzerkl\u00e4rung voraus. Daher ist der Besucher\/Nutzer verpflichtet, den Inhalt dieser Seite sorgf\u00e4ltig zu lesen, bevor er die Dienstleistungen unserer [&hellip;]<\/p>\n","protected":false},"author":2,"featured_media":0,"parent":0,"menu_order":0,"comment_status":"closed","ping_status":"closed","template":"","meta":{"footnotes":""},"class_list":["post-14881","page","type-page","status-publish","hentry"],"yoast_head":"<!-- This site is optimized with the Yoast SEO plugin v26.4 - https:\/\/yoast.com\/wordpress\/plugins\/seo\/ -->\n<title>Datenschutzerkl\u00e4rung - Bay View Residences<\/title>\n<meta name=\"description\" content=\"Lesen Sie unsere Datenschutzerkl\u00e4rung, um zu erfahren, wie wir Ihre personenbezogenen Daten erheben, verwenden und sch\u00fctzen.\" \/>\n<meta name=\"robots\" content=\"index, follow, max-snippet:-1, max-image-preview:large, max-video-preview:-1\" \/>\n<link rel=\"canonical\" href=\"https:\/\/bayviewsantorini.com\/de\/datenschutzerklaerung\/\" \/>\n<meta property=\"og:locale\" content=\"de_DE\" \/>\n<meta property=\"og:type\" content=\"article\" \/>\n<meta property=\"og:title\" content=\"Datenschutzerkl\u00e4rung - Bay View Residences\" \/>\n<meta property=\"og:description\" content=\"Lesen Sie unsere Datenschutzerkl\u00e4rung, um zu erfahren, wie wir Ihre personenbezogenen Daten erheben, verwenden und sch\u00fctzen.\" \/>\n<meta property=\"og:url\" content=\"https:\/\/bayviewsantorini.com\/de\/datenschutzerklaerung\/\" \/>\n<meta property=\"og:site_name\" content=\"Bay View Residences\" \/>\n<meta property=\"article:modified_time\" content=\"2026-04-01T09:39:16+00:00\" \/>\n<meta property=\"og:image\" content=\"https:\/\/bayviewsantorini.com\/wp-content\/uploads\/BayViewResidences-13.jpg\" \/>\n\t<meta property=\"og:image:width\" content=\"2500\" \/>\n\t<meta property=\"og:image:height\" content=\"1406\" \/>\n\t<meta property=\"og:image:type\" content=\"image\/jpeg\" \/>\n<meta name=\"twitter:card\" content=\"summary_large_image\" \/>\n<meta name=\"twitter:label1\" content=\"Gesch\u00e4tzte Lesezeit\" \/>\n\t<meta name=\"twitter:data1\" content=\"3\u00a0Minuten\" \/>\n<script type=\"application\/ld+json\" class=\"yoast-schema-graph\">{\"@context\":\"https:\/\/schema.org\",\"@graph\":[{\"@type\":\"WebPage\",\"@id\":\"https:\/\/bayviewsantorini.com\/de\/datenschutzerklaerung\/\",\"url\":\"https:\/\/bayviewsantorini.com\/de\/datenschutzerklaerung\/\",\"name\":\"Datenschutzerkl\u00e4rung - Bay View Residences\",\"isPartOf\":{\"@id\":\"https:\/\/bayviewsantorini.com\/de\/#website\"},\"datePublished\":\"2023-12-03T13:03:50+00:00\",\"dateModified\":\"2026-04-01T09:39:16+00:00\",\"description\":\"Lesen Sie unsere Datenschutzerkl\u00e4rung, um zu erfahren, wie wir Ihre personenbezogenen Daten erheben, verwenden und sch\u00fctzen.\",\"breadcrumb\":{\"@id\":\"https:\/\/bayviewsantorini.com\/de\/datenschutzerklaerung\/#breadcrumb\"},\"inLanguage\":\"de\",\"potentialAction\":[{\"@type\":\"ReadAction\",\"target\":[\"https:\/\/bayviewsantorini.com\/de\/datenschutzerklaerung\/\"]}]},{\"@type\":\"BreadcrumbList\",\"@id\":\"https:\/\/bayviewsantorini.com\/de\/datenschutzerklaerung\/#breadcrumb\",\"itemListElement\":[{\"@type\":\"ListItem\",\"position\":1,\"name\":\"Home\",\"item\":\"https:\/\/bayviewsantorini.com\/de\/\"},{\"@type\":\"ListItem\",\"position\":2,\"name\":\"Datenschutzerkl\u00e4rung\"}]},{\"@type\":\"WebSite\",\"@id\":\"https:\/\/bayviewsantorini.com\/de\/#website\",\"url\":\"https:\/\/bayviewsantorini.com\/de\/\",\"name\":\"Bay View Residences\",\"description\":\"\",\"publisher\":{\"@id\":\"https:\/\/bayviewsantorini.com\/de\/#organization\"},\"potentialAction\":[{\"@type\":\"SearchAction\",\"target\":{\"@type\":\"EntryPoint\",\"urlTemplate\":\"https:\/\/bayviewsantorini.com\/de\/?s={search_term_string}\"},\"query-input\":{\"@type\":\"PropertyValueSpecification\",\"valueRequired\":true,\"valueName\":\"search_term_string\"}}],\"inLanguage\":\"de\"},{\"@type\":\"Organization\",\"@id\":\"https:\/\/bayviewsantorini.com\/de\/#organization\",\"name\":\"Bay View Residences\",\"url\":\"https:\/\/bayviewsantorini.com\/de\/\",\"logo\":{\"@type\":\"ImageObject\",\"inLanguage\":\"de\",\"@id\":\"https:\/\/bayviewsantorini.com\/de\/#\/schema\/logo\/image\/\",\"url\":\"https:\/\/bayviewsantorini.com\/wp-content\/uploads\/bayView-logo-retina.png\",\"contentUrl\":\"https:\/\/bayviewsantorini.com\/wp-content\/uploads\/bayView-logo-retina.png\",\"width\":400,\"height\":201,\"caption\":\"Bay View Residences\"},\"image\":{\"@id\":\"https:\/\/bayviewsantorini.com\/de\/#\/schema\/logo\/image\/\"}}]}<\/script>\n<!-- \/ Yoast SEO plugin. -->","yoast_head_json":{"title":"Datenschutzerkl\u00e4rung - Bay View Residences","description":"Lesen Sie unsere Datenschutzerkl\u00e4rung, um zu erfahren, wie wir Ihre personenbezogenen Daten erheben, verwenden und sch\u00fctzen.","robots":{"index":"index","follow":"follow","max-snippet":"max-snippet:-1","max-image-preview":"max-image-preview:large","max-video-preview":"max-video-preview:-1"},"canonical":"https:\/\/bayviewsantorini.com\/de\/datenschutzerklaerung\/","og_locale":"de_DE","og_type":"article","og_title":"Datenschutzerkl\u00e4rung - Bay View Residences","og_description":"Lesen Sie unsere Datenschutzerkl\u00e4rung, um zu erfahren, wie wir Ihre personenbezogenen Daten erheben, verwenden und sch\u00fctzen.","og_url":"https:\/\/bayviewsantorini.com\/de\/datenschutzerklaerung\/","og_site_name":"Bay View Residences","article_modified_time":"2026-04-01T09:39:16+00:00","og_image":[{"width":2500,"height":1406,"url":"https:\/\/bayviewsantorini.com\/wp-content\/uploads\/BayViewResidences-13.jpg","type":"image\/jpeg"}],"twitter_card":"summary_large_image","twitter_misc":{"Gesch\u00e4tzte Lesezeit":"3\u00a0Minuten"},"schema":{"@context":"https:\/\/schema.org","@graph":[{"@type":"WebPage","@id":"https:\/\/bayviewsantorini.com\/de\/datenschutzerklaerung\/","url":"https:\/\/bayviewsantorini.com\/de\/datenschutzerklaerung\/","name":"Datenschutzerkl\u00e4rung - Bay View Residences","isPartOf":{"@id":"https:\/\/bayviewsantorini.com\/de\/#website"},"datePublished":"2023-12-03T13:03:50+00:00","dateModified":"2026-04-01T09:39:16+00:00","description":"Lesen Sie unsere Datenschutzerkl\u00e4rung, um zu erfahren, wie wir Ihre personenbezogenen Daten erheben, verwenden und sch\u00fctzen.","breadcrumb":{"@id":"https:\/\/bayviewsantorini.com\/de\/datenschutzerklaerung\/#breadcrumb"},"inLanguage":"de","potentialAction":[{"@type":"ReadAction","target":["https:\/\/bayviewsantorini.com\/de\/datenschutzerklaerung\/"]}]},{"@type":"BreadcrumbList","@id":"https:\/\/bayviewsantorini.com\/de\/datenschutzerklaerung\/#breadcrumb","itemListElement":[{"@type":"ListItem","position":1,"name":"Home","item":"https:\/\/bayviewsantorini.com\/de\/"},{"@type":"ListItem","position":2,"name":"Datenschutzerkl\u00e4rung"}]},{"@type":"WebSite","@id":"https:\/\/bayviewsantorini.com\/de\/#website","url":"https:\/\/bayviewsantorini.com\/de\/","name":"Bay View Residences","description":"","publisher":{"@id":"https:\/\/bayviewsantorini.com\/de\/#organization"},"potentialAction":[{"@type":"SearchAction","target":{"@type":"EntryPoint","urlTemplate":"https:\/\/bayviewsantorini.com\/de\/?s={search_term_string}"},"query-input":{"@type":"PropertyValueSpecification","valueRequired":true,"valueName":"search_term_string"}}],"inLanguage":"de"},{"@type":"Organization","@id":"https:\/\/bayviewsantorini.com\/de\/#organization","name":"Bay View Residences","url":"https:\/\/bayviewsantorini.com\/de\/","logo":{"@type":"ImageObject","inLanguage":"de","@id":"https:\/\/bayviewsantorini.com\/de\/#\/schema\/logo\/image\/","url":"https:\/\/bayviewsantorini.com\/wp-content\/uploads\/bayView-logo-retina.png","contentUrl":"https:\/\/bayviewsantorini.com\/wp-content\/uploads\/bayView-logo-retina.png","width":400,"height":201,"caption":"Bay View Residences"},"image":{"@id":"https:\/\/bayviewsantorini.com\/de\/#\/schema\/logo\/image\/"}}]}},"_links":{"self":[{"href":"https:\/\/bayviewsantorini.com\/de\/wp-json\/wp\/v2\/pages\/14881","targetHints":{"allow":["GET"]}}],"collection":[{"href":"https:\/\/bayviewsantorini.com\/de\/wp-json\/wp\/v2\/pages"}],"about":[{"href":"https:\/\/bayviewsantorini.com\/de\/wp-json\/wp\/v2\/types\/page"}],"author":[{"embeddable":true,"href":"https:\/\/bayviewsantorini.com\/de\/wp-json\/wp\/v2\/users\/2"}],"replies":[{"embeddable":true,"href":"https:\/\/bayviewsantorini.com\/de\/wp-json\/wp\/v2\/comments?post=14881"}],"version-history":[{"count":4,"href":"https:\/\/bayviewsantorini.com\/de\/wp-json\/wp\/v2\/pages\/14881\/revisions"}],"predecessor-version":[{"id":14886,"href":"https:\/\/bayviewsantorini.com\/de\/wp-json\/wp\/v2\/pages\/14881\/revisions\/14886"}],"wp:attachment":[{"href":"https:\/\/bayviewsantorini.com\/de\/wp-json\/wp\/v2\/media?parent=14881"}],"curies":[{"name":"wp","href":"https:\/\/api.w.org\/{rel}","templated":true}]}}