{"id":14984,"date":"2023-12-02T22:44:33","date_gmt":"2023-12-02T22:44:33","guid":{"rendered":"https:\/\/bayviewsantorini.com\/?page_id=14984"},"modified":"2026-04-02T19:38:02","modified_gmt":"2026-04-02T19:38:02","slug":"cookies","status":"publish","type":"page","link":"https:\/\/bayviewsantorini.com\/es\/cookies\/","title":{"rendered":"Cookies"},"content":{"rendered":"<section class=\"standard-page brando-row-1 padding-ten-lr\"><div class=\"container\"><div class=\"row\"><div class=\"wpb_column brando-column-container brando-column-1  col-xs-mobile-fullwidth\" data-front-class=\"brando-column-container brando-column-1 col-xs-mobile-fullwidth front-column-class\"><div class=\"vc-column-innner-wrapper\"><div class=\"wpd-innner-wrapper\"><div class=\"brando-text-1\"><h4 data-section-id=\"ozdj8x\" data-start=\"77\" data-end=\"104\"><span role=\"text\"><strong data-start=\"81\" data-end=\"104\">POL\u00cdTICA DE COOKIES<\/strong><\/span><\/h4>\n<p data-start=\"106\" data-end=\"672\">Al utilizar este sitio web, usted acepta nuestra pol\u00edtica y da su consentimiento para el uso de cookies, de acuerdo con lo establecido en la presente declaraci\u00f3n y la legislaci\u00f3n aplicable. La navegaci\u00f3n por este sitio web implica la aceptaci\u00f3n del uso de cookies y su consentimiento para que este sitio almacene cookies en su dispositivo.<br data-start=\"445\" data-end=\"448\" \/>Si no est\u00e1 de acuerdo con el uso de cookies, deber\u00e1 configurar adecuadamente su navegador o no utilizar nuestro sitio web. La desactivaci\u00f3n de las cookies puede afectar al correcto funcionamiento de algunas partes del sitio.<\/p>\n<hr data-start=\"674\" data-end=\"677\" \/>\n<h4 data-section-id=\"1ndlj6r\" data-start=\"679\" data-end=\"706\"><span role=\"text\"><strong data-start=\"683\" data-end=\"706\">\u00bfQU\u00c9 ES UNA COOKIE?<\/strong><\/span><\/h4>\n<p data-start=\"708\" data-end=\"1026\">El t\u00e9rmino \u201ccookie\u201d se refiere a un peque\u00f1o archivo de datos que consiste exclusivamente en una serie de informaci\u00f3n en formato de texto, que el sitio web transfiere al navegador de su dispositivo, ya sea de forma temporal durante su visita o, en algunos casos, por per\u00edodos m\u00e1s largos, dependiendo del tipo de cookie.<\/p>\n<p data-start=\"1028\" data-end=\"1255\">Las cookies cumplen diversas funciones (por ejemplo, distinguirle de otros usuarios del mismo sitio web o recordar ciertas preferencias) y son utilizadas por la mayor\u00eda de los sitios web para mejorar la experiencia del usuario.<\/p>\n<p data-start=\"1257\" data-end=\"1485\">Cada cookie es \u00fanica para su navegador y contiene cierta informaci\u00f3n an\u00f3nima. Normalmente incluye el nombre del dominio del que proviene, su duraci\u00f3n y un valor (generalmente en forma de un n\u00famero \u00fanico generado aleatoriamente).<\/p>\n<hr data-start=\"1487\" data-end=\"1490\" \/>\n<h4 data-section-id=\"lrg70h\" data-start=\"1492\" data-end=\"1516\"><span role=\"text\"><strong data-start=\"1496\" data-end=\"1516\">TIPOS DE COOKIES<\/strong><\/span><\/h4>\n<p data-start=\"1518\" data-end=\"1614\">A continuaci\u00f3n se describen los principales tipos de cookies que pueden utilizar los sitios web:<\/p>\n<p data-start=\"1616\" data-end=\"1803\"><strong data-start=\"1616\" data-end=\"1655\">Cookies de sesi\u00f3n (session cookies)<\/strong><br data-start=\"1655\" data-end=\"1658\" \/>Son cookies temporales que permanecen en el archivo de cookies de su navegador \u00fanicamente durante su visita y se eliminan al cerrar el navegador.<\/p>\n<p data-start=\"1805\" data-end=\"2157\"><strong data-start=\"1805\" data-end=\"1850\">Cookies persistentes (persistent cookies)<\/strong><br data-start=\"1850\" data-end=\"1853\" \/>Permanecen en el archivo de cookies de su dispositivo incluso despu\u00e9s de cerrar el navegador, a veces durante un a\u00f1o o m\u00e1s (dependiendo de la duraci\u00f3n de cada cookie). Se utilizan cuando el administrador del sitio necesita reconocerle en visitas posteriores (por ejemplo, para recordar sus preferencias).<\/p>\n<p data-start=\"2159\" data-end=\"2351\"><strong data-start=\"2159\" data-end=\"2200\">Cookies propias (first-party cookies)<\/strong><br data-start=\"2200\" data-end=\"2203\" \/>Son instaladas por el sitio web que usted visita y permiten, por ejemplo, asignar un identificador \u00fanico para seguir su navegaci\u00f3n dentro del sitio.<\/p>\n<p data-start=\"2353\" data-end=\"2567\"><strong data-start=\"2353\" data-end=\"2398\">Cookies de terceros (third-party cookies)<\/strong><br data-start=\"2398\" data-end=\"2401\" \/>Son utilizadas por terceros, como redes sociales, para rastrear sus visitas en diferentes sitios web. El administrador del sitio no tiene control sobre estas cookies.<\/p>\n<hr data-start=\"2569\" data-end=\"2572\" \/>\n<h4 data-section-id=\"pihczy\" data-start=\"2574\" data-end=\"2627\"><span role=\"text\"><strong data-start=\"2578\" data-end=\"2627\">COOKIES EN ESTE SITIO WEB Y C\u00d3MO GESTIONARLAS<\/strong><\/span><\/h4>\n<p data-start=\"2629\" data-end=\"2823\">En este sitio web utilizamos cookies para mejorar la experiencia de navegaci\u00f3n de nuestros visitantes. La funcionalidad del sitio puede verse afectada si desactiva o no acepta el uso de cookies.<\/p>\n<p data-start=\"2825\" data-end=\"3004\">A continuaci\u00f3n encontrar\u00e1 informaci\u00f3n sobre las cookies de terceros que utilizamos, incluyendo c\u00f3mo desactivarlas y el impacto que esto puede tener en el funcionamiento del sitio.<\/p>\n<p data-start=\"3006\" data-end=\"3161\">Si desea m\u00e1s informaci\u00f3n sobre c\u00f3mo gestionar determinados tipos de cookies (incluyendo c\u00f3mo controlarlas o eliminarlas), visite:<br data-start=\"3135\" data-end=\"3138\" \/><a class=\"decorated-link\" href=\"http:\/\/www.aboutcookies.org\" target=\"_new\" rel=\"noopener\" data-start=\"3141\" data-end=\"3161\">www.aboutcookies.org<\/a><\/p>\n<p data-start=\"3163\" data-end=\"3240\">Para gestionar sus cookies, seleccione su navegador y siga las instrucciones:<\/p>\n<ul data-start=\"3242\" data-end=\"3307\">\n<li data-section-id=\"hzfmvs\" data-start=\"3242\" data-end=\"3263\">Internet Explorer<\/li>\n<li data-section-id=\"aoo9xy\" data-start=\"3264\" data-end=\"3274\">Chrome<\/li>\n<li data-section-id=\"bcdque\" data-start=\"3275\" data-end=\"3285\">Safari<\/li>\n<li data-section-id=\"cuslc1\" data-start=\"3286\" data-end=\"3297\">Firefox<\/li>\n<li data-section-id=\"7hbwkh\" data-start=\"3298\" data-end=\"3307\">Opera<\/li>\n<\/ul>\n<p data-start=\"3309\" data-end=\"3334\"><strong data-start=\"3309\" data-end=\"3334\">Dispositivos m\u00f3viles:<\/strong><\/p>\n<ul data-start=\"3335\" data-end=\"3357\">\n<li data-section-id=\"1oj64sz\" data-start=\"3335\" data-end=\"3346\">Android<\/li>\n<li data-section-id=\"bcdque\" data-start=\"3347\" data-end=\"3357\">Safari<\/li>\n<\/ul>\n<hr data-start=\"3359\" data-end=\"3362\" \/>\n<h4 data-section-id=\"1epb1jj\" data-start=\"3364\" data-end=\"3399\"><span role=\"text\"><strong data-start=\"3368\" data-end=\"3399\">COOKIES DE GOOGLE ANALYTICS<\/strong><\/span><\/h4>\n<p data-start=\"3401\" data-end=\"3557\">Las cookies de Google Analytics son cookies de an\u00e1lisis que nos permiten recopilar informaci\u00f3n an\u00f3nima sobre c\u00f3mo los visitantes utilizan nuestro sitio web.<\/p>\n<p data-start=\"3559\" data-end=\"3777\">Estas cookies nos informan sobre el n\u00famero de visitantes, el tiempo y la duraci\u00f3n de la visita, as\u00ed como sobre la forma en que navegan por el sitio. Esta informaci\u00f3n nos ayuda a mejorar el funcionamiento del sitio web.<\/p>\n<p data-start=\"3779\" data-end=\"3955\">Los datos son an\u00f3nimos y no contienen informaci\u00f3n personal. La informaci\u00f3n recopilada se transfiere y almacena en servidores de Google de acuerdo con su pol\u00edtica de privacidad.<\/p>\n<p data-start=\"3957\" data-end=\"4032\">M\u00e1s informaci\u00f3n:<br data-start=\"3973\" data-end=\"3976\" \/><a class=\"decorated-link\" href=\"https:\/\/support.google.com\/analytics\/answer\/6004245\" target=\"_new\" rel=\"noopener\" data-start=\"3979\" data-end=\"4030\">https:\/\/support.google.com\/analytics\/answer\/6004245<\/a><\/p>\n<p data-start=\"4034\" data-end=\"4121\">Puede desactivar Google Analytics aqu\u00ed:<br data-start=\"4073\" data-end=\"4076\" \/><a class=\"decorated-link\" href=\"https:\/\/tools.google.com\/dlpage\/gaoptout\" target=\"_new\" rel=\"noopener\" data-start=\"4079\" data-end=\"4119\">https:\/\/tools.google.com\/dlpage\/gaoptout<\/a><\/p>\n<p data-start=\"4123\" data-end=\"4197\">La desactivaci\u00f3n de estas cookies no afectar\u00e1 al funcionamiento del sitio.<\/p>\n<hr data-start=\"4199\" data-end=\"4202\" \/>\n<h4 data-section-id=\"cndj6f\" data-start=\"4204\" data-end=\"4278\"><span role=\"text\"><strong data-start=\"4208\" data-end=\"4278\">COOKIES DE PROVEEDORES DE V\u00cdDEO (GOOGLE, VIMEO, DAILYMOTION, ETC.)<\/strong><\/span><\/h4>\n<p data-start=\"4280\" data-end=\"4393\">Estos proveedores pueden instalar cookies en su dispositivo si visualiza v\u00eddeos incrustados en nuestro sitio web.<\/p>\n<p data-start=\"4395\" data-end=\"4476\">Si desactiva estas cookies, es posible que no pueda visualizar dichos contenidos.<\/p>\n<hr data-start=\"4478\" data-end=\"4481\" \/>\n<h4 data-section-id=\"1qr807s\" data-start=\"4483\" data-end=\"4516\"><span role=\"text\"><strong data-start=\"4487\" data-end=\"4516\">COOKIES DE REDES SOCIALES<\/strong><\/span><\/h4>\n<p data-start=\"4518\" data-end=\"4639\">Las redes sociales pueden instalar cookies si comparte contenido desde nuestro sitio mediante los botones de \u201cCompartir\u201d.<\/p>\n<p data-start=\"4641\" data-end=\"4714\">Si desactiva estas cookies, la funci\u00f3n de compartir no estar\u00e1 disponible.<\/p>\n<hr data-start=\"4716\" data-end=\"4719\" \/>\n<h4 data-section-id=\"1ksuu35\" data-start=\"4721\" data-end=\"4751\"><span role=\"text\"><strong data-start=\"4725\" data-end=\"4751\">POL\u00cdTICA DE PRIVACIDAD<\/strong><\/span><\/h4>\n<p data-start=\"4753\" data-end=\"4805\">Puede consultar nuestra <a href=\"https:\/\/bayviewsantorini.com\/es\/politica-de-privacidad\/\">Pol\u00edtica de Privacidad aqu\u00ed<\/a>.<\/p>\n<\/div><\/div><\/div><\/div><\/div><\/div><\/section>","protected":false},"excerpt":{"rendered":"<p>POL\u00cdTICA DE COOKIES Al utilizar este sitio web, usted acepta nuestra pol\u00edtica y da su consentimiento para el uso de cookies, de acuerdo con lo establecido en la presente declaraci\u00f3n y la legislaci\u00f3n aplicable. La navegaci\u00f3n por este sitio web implica la aceptaci\u00f3n del uso de cookies y su consentimiento para que este sitio almacene [&hellip;]<\/p>\n","protected":false},"author":2,"featured_media":0,"parent":0,"menu_order":0,"comment_status":"closed","ping_status":"closed","template":"","meta":{"footnotes":""},"class_list":["post-14984","page","type-page","status-publish","hentry"],"yoast_head":"<!-- This site is optimized with the Yoast SEO plugin v26.4 - https:\/\/yoast.com\/wordpress\/plugins\/seo\/ -->\n<title>Cookies - Bay View Residences<\/title>\n<meta name=\"description\" content=\"Descubra c\u00f3mo Bay View utiliza cookies para mejorar la experiencia de navegaci\u00f3n y analizar el tr\u00e1fico del sitio.\" \/>\n<meta name=\"robots\" content=\"index, follow, max-snippet:-1, max-image-preview:large, max-video-preview:-1\" \/>\n<link rel=\"canonical\" href=\"https:\/\/bayviewsantorini.com\/es\/cookies\/\" \/>\n<meta property=\"og:locale\" content=\"es_ES\" \/>\n<meta property=\"og:type\" content=\"article\" \/>\n<meta property=\"og:title\" content=\"Cookies - Bay View Residences\" \/>\n<meta property=\"og:description\" content=\"Descubra c\u00f3mo Bay View utiliza cookies para mejorar la experiencia de navegaci\u00f3n y analizar el tr\u00e1fico del sitio.\" \/>\n<meta property=\"og:url\" content=\"https:\/\/bayviewsantorini.com\/es\/cookies\/\" \/>\n<meta property=\"og:site_name\" content=\"Bay View Residences\" \/>\n<meta property=\"article:modified_time\" content=\"2026-04-02T19:38:02+00:00\" \/>\n<meta property=\"og:image\" content=\"https:\/\/bayviewsantorini.com\/wp-content\/uploads\/BayViewResidences-13.jpg\" \/>\n\t<meta property=\"og:image:width\" content=\"2500\" \/>\n\t<meta property=\"og:image:height\" content=\"1406\" \/>\n\t<meta property=\"og:image:type\" content=\"image\/jpeg\" \/>\n<meta name=\"twitter:card\" content=\"summary_large_image\" \/>\n<meta name=\"twitter:label1\" content=\"Tiempo de lectura\" \/>\n\t<meta name=\"twitter:data1\" content=\"3 minutos\" \/>\n<script type=\"application\/ld+json\" class=\"yoast-schema-graph\">{\"@context\":\"https:\/\/schema.org\",\"@graph\":[{\"@type\":\"WebPage\",\"@id\":\"https:\/\/bayviewsantorini.com\/es\/cookies\/\",\"url\":\"https:\/\/bayviewsantorini.com\/es\/cookies\/\",\"name\":\"Cookies - Bay View Residences\",\"isPartOf\":{\"@id\":\"https:\/\/bayviewsantorini.com\/es\/#website\"},\"datePublished\":\"2023-12-02T22:44:33+00:00\",\"dateModified\":\"2026-04-02T19:38:02+00:00\",\"description\":\"Descubra c\u00f3mo Bay View utiliza cookies para mejorar la experiencia de navegaci\u00f3n y analizar el tr\u00e1fico del sitio.\",\"breadcrumb\":{\"@id\":\"https:\/\/bayviewsantorini.com\/es\/cookies\/#breadcrumb\"},\"inLanguage\":\"es\",\"potentialAction\":[{\"@type\":\"ReadAction\",\"target\":[\"https:\/\/bayviewsantorini.com\/es\/cookies\/\"]}]},{\"@type\":\"BreadcrumbList\",\"@id\":\"https:\/\/bayviewsantorini.com\/es\/cookies\/#breadcrumb\",\"itemListElement\":[{\"@type\":\"ListItem\",\"position\":1,\"name\":\"Home\",\"item\":\"https:\/\/bayviewsantorini.com\/es\/\"},{\"@type\":\"ListItem\",\"position\":2,\"name\":\"Cookies\"}]},{\"@type\":\"WebSite\",\"@id\":\"https:\/\/bayviewsantorini.com\/es\/#website\",\"url\":\"https:\/\/bayviewsantorini.com\/es\/\",\"name\":\"Bay View Residences\",\"description\":\"\",\"publisher\":{\"@id\":\"https:\/\/bayviewsantorini.com\/es\/#organization\"},\"potentialAction\":[{\"@type\":\"SearchAction\",\"target\":{\"@type\":\"EntryPoint\",\"urlTemplate\":\"https:\/\/bayviewsantorini.com\/es\/?s={search_term_string}\"},\"query-input\":{\"@type\":\"PropertyValueSpecification\",\"valueRequired\":true,\"valueName\":\"search_term_string\"}}],\"inLanguage\":\"es\"},{\"@type\":\"Organization\",\"@id\":\"https:\/\/bayviewsantorini.com\/es\/#organization\",\"name\":\"Bay View Residences\",\"url\":\"https:\/\/bayviewsantorini.com\/es\/\",\"logo\":{\"@type\":\"ImageObject\",\"inLanguage\":\"es\",\"@id\":\"https:\/\/bayviewsantorini.com\/es\/#\/schema\/logo\/image\/\",\"url\":\"https:\/\/bayviewsantorini.com\/wp-content\/uploads\/bayView-logo-retina.png\",\"contentUrl\":\"https:\/\/bayviewsantorini.com\/wp-content\/uploads\/bayView-logo-retina.png\",\"width\":400,\"height\":201,\"caption\":\"Bay View Residences\"},\"image\":{\"@id\":\"https:\/\/bayviewsantorini.com\/es\/#\/schema\/logo\/image\/\"}}]}<\/script>\n<!-- \/ Yoast SEO plugin. -->","yoast_head_json":{"title":"Cookies - Bay View Residences","description":"Descubra c\u00f3mo Bay View utiliza cookies para mejorar la experiencia de navegaci\u00f3n y analizar el tr\u00e1fico del sitio.","robots":{"index":"index","follow":"follow","max-snippet":"max-snippet:-1","max-image-preview":"max-image-preview:large","max-video-preview":"max-video-preview:-1"},"canonical":"https:\/\/bayviewsantorini.com\/es\/cookies\/","og_locale":"es_ES","og_type":"article","og_title":"Cookies - Bay View Residences","og_description":"Descubra c\u00f3mo Bay View utiliza cookies para mejorar la experiencia de navegaci\u00f3n y analizar el tr\u00e1fico del sitio.","og_url":"https:\/\/bayviewsantorini.com\/es\/cookies\/","og_site_name":"Bay View Residences","article_modified_time":"2026-04-02T19:38:02+00:00","og_image":[{"width":2500,"height":1406,"url":"https:\/\/bayviewsantorini.com\/wp-content\/uploads\/BayViewResidences-13.jpg","type":"image\/jpeg"}],"twitter_card":"summary_large_image","twitter_misc":{"Tiempo de lectura":"3 minutos"},"schema":{"@context":"https:\/\/schema.org","@graph":[{"@type":"WebPage","@id":"https:\/\/bayviewsantorini.com\/es\/cookies\/","url":"https:\/\/bayviewsantorini.com\/es\/cookies\/","name":"Cookies - Bay View Residences","isPartOf":{"@id":"https:\/\/bayviewsantorini.com\/es\/#website"},"datePublished":"2023-12-02T22:44:33+00:00","dateModified":"2026-04-02T19:38:02+00:00","description":"Descubra c\u00f3mo Bay View utiliza cookies para mejorar la experiencia de navegaci\u00f3n y analizar el tr\u00e1fico del sitio.","breadcrumb":{"@id":"https:\/\/bayviewsantorini.com\/es\/cookies\/#breadcrumb"},"inLanguage":"es","potentialAction":[{"@type":"ReadAction","target":["https:\/\/bayviewsantorini.com\/es\/cookies\/"]}]},{"@type":"BreadcrumbList","@id":"https:\/\/bayviewsantorini.com\/es\/cookies\/#breadcrumb","itemListElement":[{"@type":"ListItem","position":1,"name":"Home","item":"https:\/\/bayviewsantorini.com\/es\/"},{"@type":"ListItem","position":2,"name":"Cookies"}]},{"@type":"WebSite","@id":"https:\/\/bayviewsantorini.com\/es\/#website","url":"https:\/\/bayviewsantorini.com\/es\/","name":"Bay View Residences","description":"","publisher":{"@id":"https:\/\/bayviewsantorini.com\/es\/#organization"},"potentialAction":[{"@type":"SearchAction","target":{"@type":"EntryPoint","urlTemplate":"https:\/\/bayviewsantorini.com\/es\/?s={search_term_string}"},"query-input":{"@type":"PropertyValueSpecification","valueRequired":true,"valueName":"search_term_string"}}],"inLanguage":"es"},{"@type":"Organization","@id":"https:\/\/bayviewsantorini.com\/es\/#organization","name":"Bay View Residences","url":"https:\/\/bayviewsantorini.com\/es\/","logo":{"@type":"ImageObject","inLanguage":"es","@id":"https:\/\/bayviewsantorini.com\/es\/#\/schema\/logo\/image\/","url":"https:\/\/bayviewsantorini.com\/wp-content\/uploads\/bayView-logo-retina.png","contentUrl":"https:\/\/bayviewsantorini.com\/wp-content\/uploads\/bayView-logo-retina.png","width":400,"height":201,"caption":"Bay View Residences"},"image":{"@id":"https:\/\/bayviewsantorini.com\/es\/#\/schema\/logo\/image\/"}}]}},"_links":{"self":[{"href":"https:\/\/bayviewsantorini.com\/es\/wp-json\/wp\/v2\/pages\/14984","targetHints":{"allow":["GET"]}}],"collection":[{"href":"https:\/\/bayviewsantorini.com\/es\/wp-json\/wp\/v2\/pages"}],"about":[{"href":"https:\/\/bayviewsantorini.com\/es\/wp-json\/wp\/v2\/types\/page"}],"author":[{"embeddable":true,"href":"https:\/\/bayviewsantorini.com\/es\/wp-json\/wp\/v2\/users\/2"}],"replies":[{"embeddable":true,"href":"https:\/\/bayviewsantorini.com\/es\/wp-json\/wp\/v2\/comments?post=14984"}],"version-history":[{"count":3,"href":"https:\/\/bayviewsantorini.com\/es\/wp-json\/wp\/v2\/pages\/14984\/revisions"}],"predecessor-version":[{"id":14989,"href":"https:\/\/bayviewsantorini.com\/es\/wp-json\/wp\/v2\/pages\/14984\/revisions\/14989"}],"wp:attachment":[{"href":"https:\/\/bayviewsantorini.com\/es\/wp-json\/wp\/v2\/media?parent=14984"}],"curies":[{"name":"wp","href":"https:\/\/api.w.org\/{rel}","templated":true}]}}