{"id":14987,"date":"2023-12-03T13:03:50","date_gmt":"2023-12-03T13:03:50","guid":{"rendered":"https:\/\/bayviewsantorini.com\/?page_id=14987"},"modified":"2026-04-02T19:40:34","modified_gmt":"2026-04-02T19:40:34","slug":"politica-de-privacidad","status":"publish","type":"page","link":"https:\/\/bayviewsantorini.com\/es\/politica-de-privacidad\/","title":{"rendered":"Pol\u00edtica de Privacidad"},"content":{"rendered":"<section class=\"standard-page brando-row-1 padding-ten-lr\"><div class=\"container\"><div class=\"row\"><div class=\"wpb_column brando-column-container brando-column-1  col-xs-mobile-fullwidth\" data-front-class=\"brando-column-container brando-column-1 col-xs-mobile-fullwidth front-column-class\"><div class=\"vc-column-innner-wrapper\"><div class=\"wpd-innner-wrapper\"><div class=\"brando-text-1\"><h4 data-section-id=\"1czku7y\" data-start=\"68\" data-end=\"122\"><span role=\"text\"><strong data-start=\"72\" data-end=\"122\">POL\u00cdTICA DE PRIVACIDAD Y CUMPLIMIENTO DEL GDPR<\/strong><\/span><\/h4>\n<h4 data-section-id=\"1k24vjk\" data-start=\"124\" data-end=\"139\"><span role=\"text\"><strong data-start=\"128\" data-end=\"139\">GENERAL<\/strong><\/span><\/h4>\n<p data-start=\"141\" data-end=\"437\">El uso de las p\u00e1ginas electr\u00f3nicas y los servicios ofrecidos al visitante\/usuario por el sitio web bayviewsantorini.com, propiedad de Georgios Papalexis (en adelante, \u201cla empresa\u201d), implica la aceptaci\u00f3n incondicional de la presente Pol\u00edtica de Privacidad sobre la Protecci\u00f3n de Datos Personales.<\/p>\n<p data-start=\"439\" data-end=\"674\">Por lo tanto, el visitante\/usuario debe leer cuidadosamente el contenido de esta p\u00e1gina antes de utilizar los servicios de nuestro sitio web. Si no est\u00e1 de acuerdo, deber\u00e1 abandonarlo y NO hacer uso de sus servicios ni de su contenido.<\/p>\n<p data-start=\"676\" data-end=\"1066\">Esta pol\u00edtica de privacidad puede modificarse ocasionalmente conforme a la legislaci\u00f3n o a los cambios del sector. No notificaremos expl\u00edcitamente a nuestros clientes o usuarios sobre dichas modificaciones. Por ello, le recomendamos revisar peri\u00f3dicamente esta p\u00e1gina. El uso continuado del sitio web bayviewsantorini.com tras cualquier cambio implica la aceptaci\u00f3n plena de estos t\u00e9rminos.<\/p>\n<hr data-start=\"1068\" data-end=\"1071\" \/>\n<h4 data-section-id=\"qury4s\" data-start=\"1073\" data-end=\"1111\"><span role=\"text\"><strong data-start=\"1077\" data-end=\"1111\">PROTECCI\u00d3N DE DATOS PERSONALES<\/strong><\/span><\/h4>\n<p data-start=\"1113\" data-end=\"1310\">Recopilamos y procesamos sus datos personales \u00fanicamente cuando es absolutamente necesario. Nunca venderemos, alquilaremos, distribuiremos ni haremos p\u00fablicos sus datos personales de ninguna forma.<\/p>\n<p data-start=\"1312\" data-end=\"1434\">Si es menor de 16 a\u00f1os, DEBE contar con el consentimiento de sus padres antes de utilizar los servicios de este sitio web.<\/p>\n<hr data-start=\"1436\" data-end=\"1439\" \/>\n<h4 data-section-id=\"19wlik5\" data-start=\"1441\" data-end=\"1470\"><span role=\"text\"><strong data-start=\"1445\" data-end=\"1470\">LEGISLACI\u00d3N APLICABLE<\/strong><\/span><\/h4>\n<p data-start=\"1472\" data-end=\"1650\">Adem\u00e1s de los sistemas internos de TI de nuestra empresa, este sitio web ha sido dise\u00f1ado para cumplir con las siguientes normativas en materia de protecci\u00f3n de datos personales:<\/p>\n<ul data-start=\"1652\" data-end=\"1778\">\n<li data-section-id=\"4ckdee\" data-start=\"1652\" data-end=\"1711\">Directiva de Protecci\u00f3n de Datos de la UE de 1995 (DPD)<\/li>\n<li data-section-id=\"u5kw18\" data-start=\"1712\" data-end=\"1778\">Reglamento General de Protecci\u00f3n de Datos de la UE (GDPR) 2018<\/li>\n<\/ul>\n<hr data-start=\"1780\" data-end=\"1783\" \/>\n<h4 data-section-id=\"x5f5wh\" data-start=\"1785\" data-end=\"1847\"><span role=\"text\"><strong data-start=\"1789\" data-end=\"1847\">INFORMACI\u00d3N PERSONAL QUE RECOPILA ESTE SITIO Y POR QU\u00c9<\/strong><\/span><\/h4>\n<p data-start=\"1849\" data-end=\"1931\">Este sitio web recopila y utiliza informaci\u00f3n personal por los siguientes motivos:<\/p>\n<h4 data-start=\"1933\" data-end=\"1979\"><span role=\"text\"><strong data-start=\"1938\" data-end=\"1979\">Seguimiento del tr\u00e1fico del sitio web<\/strong><\/span><\/h4>\n<p data-start=\"1981\" data-end=\"2248\">Como la mayor\u00eda de los sitios web, utilizamos Google Analytics (GA) para monitorizar la actividad de los usuarios. Utilizamos estos datos para conocer cu\u00e1ntas personas utilizan nuestro sitio, c\u00f3mo lo encuentran, c\u00f3mo navegan por \u00e9l y c\u00f3mo interact\u00faan con sus p\u00e1ginas.<\/p>\n<p data-start=\"2250\" data-end=\"2489\">Aunque Google Analytics recopila informaci\u00f3n como su ubicaci\u00f3n, dispositivo, navegador y sistema operativo, ninguno de estos datos le identifica personalmente. Tambi\u00e9n registra su direcci\u00f3n IP, pero Google no nos proporciona acceso a ella.<\/p>\n<p data-start=\"2491\" data-end=\"2649\">Consideramos a Google como un procesador de datos externo conforme a la normativa europea.<br data-start=\"2581\" data-end=\"2584\" \/>M\u00e1s informaci\u00f3n: <a class=\"decorated-link cursor-pointer\" target=\"_new\" rel=\"noopener\" data-start=\"2601\" data-end=\"2649\">https:\/\/policies.google.com\/privacy\/update?hl=es<\/a><\/p>\n<hr data-start=\"2651\" data-end=\"2654\" \/>\n<h4 data-section-id=\"9fuxhf\" data-start=\"2656\" data-end=\"2693\"><span role=\"text\"><strong data-start=\"2660\" data-end=\"2693\">ENLACES DE CORREO ELECTR\u00d3NICO<\/strong><\/span><\/h4>\n<p data-start=\"2695\" data-end=\"2837\">Si se comunica con nosotros mediante enlaces de correo electr\u00f3nico, los datos que proporcione no ser\u00e1n almacenados ni procesados por terceros.<\/p>\n<p data-start=\"2839\" data-end=\"3056\">Estos datos se enviar\u00e1n mediante protocolo SMTP (Simple Mail Transfer Protocol). Nuestros servidores SMTP est\u00e1n protegidos mediante TLS (SSL), lo que significa que el contenido se cifra antes de enviarse por Internet.<\/p>\n<hr data-start=\"3058\" data-end=\"3061\" \/>\n<h4 data-section-id=\"3kta9t\" data-start=\"3063\" data-end=\"3094\"><span role=\"text\"><strong data-start=\"3067\" data-end=\"3094\">FORMULARIOS DE CONTACTO<\/strong><\/span><\/h4>\n<p data-start=\"3096\" data-end=\"3286\">Si utiliza un formulario de contacto, los datos proporcionados no ser\u00e1n compartidos con terceros. Se utilizan exclusivamente para la comunicaci\u00f3n directa entre el administrador y el usuario.<\/p>\n<hr data-start=\"3288\" data-end=\"3291\" \/>\n<h4 data-section-id=\"1x8o2w6\" data-start=\"3293\" data-end=\"3318\"><span role=\"text\"><strong data-start=\"3297\" data-end=\"3318\">SOBRE LAS COOKIES<\/strong><\/span><\/h4>\n<p data-start=\"3320\" data-end=\"3389\">Puede consultar informaci\u00f3n sobre las cookies de este sitio web <a href=\"https:\/\/bayviewsantorini.com\/es\/cookies\/\">aqu\u00ed<\/a>.<\/p>\n<hr data-start=\"3391\" data-end=\"3394\" \/>\n<h4 data-section-id=\"hc5p4m\" data-start=\"3396\" data-end=\"3435\"><span role=\"text\"><strong data-start=\"3400\" data-end=\"3435\">EXPORTACI\u00d3N DE DATOS PERSONALES<\/strong><\/span><\/h4>\n<p data-start=\"3437\" data-end=\"3568\">Si desea recibir una copia de sus datos personales almacenados en este sitio, puede contactarnos en:<br data-start=\"3537\" data-end=\"3540\" \/> <a class=\"decorated-link cursor-pointer\" rel=\"noopener\" data-start=\"3543\" data-end=\"3568\">info@bayviewsantorini.com<\/a><\/p>\n<hr data-start=\"3570\" data-end=\"3573\" \/>\n<h4 data-section-id=\"1k784xk\" data-start=\"3575\" data-end=\"3614\"><span role=\"text\"><strong data-start=\"3579\" data-end=\"3614\">ELIMINACI\u00d3N DE DATOS PERSONALES<\/strong><\/span><\/h4>\n<p data-start=\"3616\" data-end=\"3715\">Si desea que eliminemos sus datos personales, puede contactarnos en:<br data-start=\"3684\" data-end=\"3687\" \/> <a class=\"decorated-link cursor-pointer\" rel=\"noopener\" data-start=\"3690\" data-end=\"3715\">info@bayviewsantorini.com<\/a><\/p>\n<hr data-start=\"3717\" data-end=\"3720\" \/>\n<h4 data-section-id=\"lhso1m\" data-start=\"3722\" data-end=\"3765\"><span role=\"text\"><strong data-start=\"3726\" data-end=\"3765\">SOBRE EL SERVIDOR DE ESTE SITIO WEB<\/strong><\/span><\/h4>\n<p data-start=\"3767\" data-end=\"3903\">Toda la comunicaci\u00f3n entre este sitio web y su navegador est\u00e1 cifrada mediante el protocolo HTTPS utilizando SSL (Secure Sockets Layer).<\/p>\n<p data-start=\"3905\" data-end=\"4154\">El hosting de este sitio web est\u00e1 gestionado por Papaki, que aplica un Sistema de Gesti\u00f3n de Seguridad de la Informaci\u00f3n conforme a la norma ISO 27001:2013, junto con los controles de ciberseguridad SANS, garantizando as\u00ed la protecci\u00f3n de los datos.<\/p>\n<hr data-start=\"4156\" data-end=\"4159\" \/>\n<h4 data-section-id=\"12z7kt2\" data-start=\"4161\" data-end=\"4202\"><span role=\"text\"><strong data-start=\"4165\" data-end=\"4202\">PROCESADORES DE DATOS DE TERCEROS<\/strong><\/span><\/h4>\n<p data-start=\"4204\" data-end=\"4407\">Utilizamos proveedores externos para el tratamiento de datos (por ejemplo: datacenters, hosting, copias de seguridad, marketing, etc.), seleccionados cuidadosamente para cumplir con la normativa vigente.<\/p>\n<hr data-start=\"4409\" data-end=\"4412\" \/>\n<h4 data-section-id=\"t45gwa\" data-start=\"4414\" data-end=\"4442\"><span role=\"text\"><strong data-start=\"4418\" data-end=\"4442\">VIOLACIONES DE DATOS<\/strong><\/span><\/h4>\n<p data-start=\"4444\" data-end=\"4528\">Tomamos todas las medidas necesarias para proteger los datos personales almacenados.<\/p>\n<p data-start=\"4530\" data-end=\"4740\">En caso de una violaci\u00f3n de seguridad, notificaremos a todas las partes afectadas y a las autoridades correspondientes dentro de las 72 horas, siempre que exista riesgo para los datos personales identificables.<\/p>\n<\/div><\/div><\/div><\/div><\/div><\/div><\/section>","protected":false},"excerpt":{"rendered":"<p>POL\u00cdTICA DE PRIVACIDAD Y CUMPLIMIENTO DEL GDPR GENERAL El uso de las p\u00e1ginas electr\u00f3nicas y los servicios ofrecidos al visitante\/usuario por el sitio web bayviewsantorini.com, propiedad de Georgios Papalexis (en adelante, \u201cla empresa\u201d), implica la aceptaci\u00f3n incondicional de la presente Pol\u00edtica de Privacidad sobre la Protecci\u00f3n de Datos Personales. Por lo tanto, el visitante\/usuario debe [&hellip;]<\/p>\n","protected":false},"author":2,"featured_media":0,"parent":0,"menu_order":0,"comment_status":"closed","ping_status":"closed","template":"","meta":{"footnotes":""},"class_list":["post-14987","page","type-page","status-publish","hentry"],"yoast_head":"<!-- This site is optimized with the Yoast SEO plugin v26.4 - https:\/\/yoast.com\/wordpress\/plugins\/seo\/ -->\n<title>Pol\u00edtica de Privacidad - Bay View Residences<\/title>\n<meta name=\"description\" content=\"Lea la Pol\u00edtica de Privacidad para conocer c\u00f3mo recopilamos, utilizamos y protegemos sus datos personales.\" \/>\n<meta name=\"robots\" content=\"index, follow, max-snippet:-1, max-image-preview:large, max-video-preview:-1\" \/>\n<link rel=\"canonical\" href=\"https:\/\/bayviewsantorini.com\/es\/politica-de-privacidad\/\" \/>\n<meta property=\"og:locale\" content=\"es_ES\" \/>\n<meta property=\"og:type\" content=\"article\" \/>\n<meta property=\"og:title\" content=\"Pol\u00edtica de Privacidad - Bay View Residences\" \/>\n<meta property=\"og:description\" content=\"Lea la Pol\u00edtica de Privacidad para conocer c\u00f3mo recopilamos, utilizamos y protegemos sus datos personales.\" \/>\n<meta property=\"og:url\" content=\"https:\/\/bayviewsantorini.com\/es\/politica-de-privacidad\/\" \/>\n<meta property=\"og:site_name\" content=\"Bay View Residences\" \/>\n<meta property=\"article:modified_time\" content=\"2026-04-02T19:40:34+00:00\" \/>\n<meta property=\"og:image\" content=\"https:\/\/bayviewsantorini.com\/wp-content\/uploads\/BayViewResidences-13.jpg\" \/>\n\t<meta property=\"og:image:width\" content=\"2500\" \/>\n\t<meta property=\"og:image:height\" content=\"1406\" \/>\n\t<meta property=\"og:image:type\" content=\"image\/jpeg\" \/>\n<meta name=\"twitter:card\" content=\"summary_large_image\" \/>\n<meta name=\"twitter:label1\" content=\"Tiempo de lectura\" \/>\n\t<meta name=\"twitter:data1\" content=\"5 minutos\" \/>\n<script type=\"application\/ld+json\" class=\"yoast-schema-graph\">{\"@context\":\"https:\/\/schema.org\",\"@graph\":[{\"@type\":\"WebPage\",\"@id\":\"https:\/\/bayviewsantorini.com\/es\/politica-de-privacidad\/\",\"url\":\"https:\/\/bayviewsantorini.com\/es\/politica-de-privacidad\/\",\"name\":\"Pol\u00edtica de Privacidad - Bay View Residences\",\"isPartOf\":{\"@id\":\"https:\/\/bayviewsantorini.com\/es\/#website\"},\"datePublished\":\"2023-12-03T13:03:50+00:00\",\"dateModified\":\"2026-04-02T19:40:34+00:00\",\"description\":\"Lea la Pol\u00edtica de Privacidad para conocer c\u00f3mo recopilamos, utilizamos y protegemos sus datos personales.\",\"breadcrumb\":{\"@id\":\"https:\/\/bayviewsantorini.com\/es\/politica-de-privacidad\/#breadcrumb\"},\"inLanguage\":\"es\",\"potentialAction\":[{\"@type\":\"ReadAction\",\"target\":[\"https:\/\/bayviewsantorini.com\/es\/politica-de-privacidad\/\"]}]},{\"@type\":\"BreadcrumbList\",\"@id\":\"https:\/\/bayviewsantorini.com\/es\/politica-de-privacidad\/#breadcrumb\",\"itemListElement\":[{\"@type\":\"ListItem\",\"position\":1,\"name\":\"Home\",\"item\":\"https:\/\/bayviewsantorini.com\/es\/\"},{\"@type\":\"ListItem\",\"position\":2,\"name\":\"Pol\u00edtica de Privacidad\"}]},{\"@type\":\"WebSite\",\"@id\":\"https:\/\/bayviewsantorini.com\/es\/#website\",\"url\":\"https:\/\/bayviewsantorini.com\/es\/\",\"name\":\"Bay View Residences\",\"description\":\"\",\"publisher\":{\"@id\":\"https:\/\/bayviewsantorini.com\/es\/#organization\"},\"potentialAction\":[{\"@type\":\"SearchAction\",\"target\":{\"@type\":\"EntryPoint\",\"urlTemplate\":\"https:\/\/bayviewsantorini.com\/es\/?s={search_term_string}\"},\"query-input\":{\"@type\":\"PropertyValueSpecification\",\"valueRequired\":true,\"valueName\":\"search_term_string\"}}],\"inLanguage\":\"es\"},{\"@type\":\"Organization\",\"@id\":\"https:\/\/bayviewsantorini.com\/es\/#organization\",\"name\":\"Bay View Residences\",\"url\":\"https:\/\/bayviewsantorini.com\/es\/\",\"logo\":{\"@type\":\"ImageObject\",\"inLanguage\":\"es\",\"@id\":\"https:\/\/bayviewsantorini.com\/es\/#\/schema\/logo\/image\/\",\"url\":\"https:\/\/bayviewsantorini.com\/wp-content\/uploads\/bayView-logo-retina.png\",\"contentUrl\":\"https:\/\/bayviewsantorini.com\/wp-content\/uploads\/bayView-logo-retina.png\",\"width\":400,\"height\":201,\"caption\":\"Bay View Residences\"},\"image\":{\"@id\":\"https:\/\/bayviewsantorini.com\/es\/#\/schema\/logo\/image\/\"}}]}<\/script>\n<!-- \/ Yoast SEO plugin. -->","yoast_head_json":{"title":"Pol\u00edtica de Privacidad - Bay View Residences","description":"Lea la Pol\u00edtica de Privacidad para conocer c\u00f3mo recopilamos, utilizamos y protegemos sus datos personales.","robots":{"index":"index","follow":"follow","max-snippet":"max-snippet:-1","max-image-preview":"max-image-preview:large","max-video-preview":"max-video-preview:-1"},"canonical":"https:\/\/bayviewsantorini.com\/es\/politica-de-privacidad\/","og_locale":"es_ES","og_type":"article","og_title":"Pol\u00edtica de Privacidad - Bay View Residences","og_description":"Lea la Pol\u00edtica de Privacidad para conocer c\u00f3mo recopilamos, utilizamos y protegemos sus datos personales.","og_url":"https:\/\/bayviewsantorini.com\/es\/politica-de-privacidad\/","og_site_name":"Bay View Residences","article_modified_time":"2026-04-02T19:40:34+00:00","og_image":[{"width":2500,"height":1406,"url":"https:\/\/bayviewsantorini.com\/wp-content\/uploads\/BayViewResidences-13.jpg","type":"image\/jpeg"}],"twitter_card":"summary_large_image","twitter_misc":{"Tiempo de lectura":"5 minutos"},"schema":{"@context":"https:\/\/schema.org","@graph":[{"@type":"WebPage","@id":"https:\/\/bayviewsantorini.com\/es\/politica-de-privacidad\/","url":"https:\/\/bayviewsantorini.com\/es\/politica-de-privacidad\/","name":"Pol\u00edtica de Privacidad - Bay View Residences","isPartOf":{"@id":"https:\/\/bayviewsantorini.com\/es\/#website"},"datePublished":"2023-12-03T13:03:50+00:00","dateModified":"2026-04-02T19:40:34+00:00","description":"Lea la Pol\u00edtica de Privacidad para conocer c\u00f3mo recopilamos, utilizamos y protegemos sus datos personales.","breadcrumb":{"@id":"https:\/\/bayviewsantorini.com\/es\/politica-de-privacidad\/#breadcrumb"},"inLanguage":"es","potentialAction":[{"@type":"ReadAction","target":["https:\/\/bayviewsantorini.com\/es\/politica-de-privacidad\/"]}]},{"@type":"BreadcrumbList","@id":"https:\/\/bayviewsantorini.com\/es\/politica-de-privacidad\/#breadcrumb","itemListElement":[{"@type":"ListItem","position":1,"name":"Home","item":"https:\/\/bayviewsantorini.com\/es\/"},{"@type":"ListItem","position":2,"name":"Pol\u00edtica de Privacidad"}]},{"@type":"WebSite","@id":"https:\/\/bayviewsantorini.com\/es\/#website","url":"https:\/\/bayviewsantorini.com\/es\/","name":"Bay View Residences","description":"","publisher":{"@id":"https:\/\/bayviewsantorini.com\/es\/#organization"},"potentialAction":[{"@type":"SearchAction","target":{"@type":"EntryPoint","urlTemplate":"https:\/\/bayviewsantorini.com\/es\/?s={search_term_string}"},"query-input":{"@type":"PropertyValueSpecification","valueRequired":true,"valueName":"search_term_string"}}],"inLanguage":"es"},{"@type":"Organization","@id":"https:\/\/bayviewsantorini.com\/es\/#organization","name":"Bay View Residences","url":"https:\/\/bayviewsantorini.com\/es\/","logo":{"@type":"ImageObject","inLanguage":"es","@id":"https:\/\/bayviewsantorini.com\/es\/#\/schema\/logo\/image\/","url":"https:\/\/bayviewsantorini.com\/wp-content\/uploads\/bayView-logo-retina.png","contentUrl":"https:\/\/bayviewsantorini.com\/wp-content\/uploads\/bayView-logo-retina.png","width":400,"height":201,"caption":"Bay View Residences"},"image":{"@id":"https:\/\/bayviewsantorini.com\/es\/#\/schema\/logo\/image\/"}}]}},"_links":{"self":[{"href":"https:\/\/bayviewsantorini.com\/es\/wp-json\/wp\/v2\/pages\/14987","targetHints":{"allow":["GET"]}}],"collection":[{"href":"https:\/\/bayviewsantorini.com\/es\/wp-json\/wp\/v2\/pages"}],"about":[{"href":"https:\/\/bayviewsantorini.com\/es\/wp-json\/wp\/v2\/types\/page"}],"author":[{"embeddable":true,"href":"https:\/\/bayviewsantorini.com\/es\/wp-json\/wp\/v2\/users\/2"}],"replies":[{"embeddable":true,"href":"https:\/\/bayviewsantorini.com\/es\/wp-json\/wp\/v2\/comments?post=14987"}],"version-history":[{"count":2,"href":"https:\/\/bayviewsantorini.com\/es\/wp-json\/wp\/v2\/pages\/14987\/revisions"}],"predecessor-version":[{"id":14990,"href":"https:\/\/bayviewsantorini.com\/es\/wp-json\/wp\/v2\/pages\/14987\/revisions\/14990"}],"wp:attachment":[{"href":"https:\/\/bayviewsantorini.com\/es\/wp-json\/wp\/v2\/media?parent=14987"}],"curies":[{"name":"wp","href":"https:\/\/api.w.org\/{rel}","templated":true}]}}