{"id":14865,"date":"2023-12-02T22:44:33","date_gmt":"2023-12-02T22:44:33","guid":{"rendered":"https:\/\/bayviewsantorini.com\/?page_id=14865"},"modified":"2026-03-31T10:58:37","modified_gmt":"2026-03-31T10:58:37","slug":"cookies","status":"publish","type":"page","link":"https:\/\/bayviewsantorini.com\/fr\/cookies\/","title":{"rendered":"Cookies"},"content":{"rendered":"<section class=\"standard-page brando-row-1 padding-ten-lr\"><div class=\"container\"><div class=\"row\"><div class=\"wpb_column brando-column-container brando-column-1  col-xs-mobile-fullwidth\" data-front-class=\"brando-column-container brando-column-1 col-xs-mobile-fullwidth front-column-class\"><div class=\"vc-column-innner-wrapper\"><div class=\"wpd-innner-wrapper\"><div class=\"brando-text-1\"><h4 data-section-id=\"1i0e4fj\" data-start=\"92\" data-end=\"130\"><span role=\"text\"><strong data-start=\"96\" data-end=\"130\">POLITIQUE RELATIVE AUX COOKIES<\/strong><\/span><\/h4>\n<p data-start=\"132\" data-end=\"671\">En utilisant ce site web, vous acceptez notre politique et consentez \u00e0 l\u2019utilisation de cookies, conform\u00e9ment \u00e0 la pr\u00e9sente d\u00e9claration et \u00e0 la l\u00e9gislation en vigueur. La navigation sur ce site implique l\u2019acceptation de l\u2019utilisation des cookies et le stockage de ceux-ci sur votre appareil.<br data-start=\"423\" data-end=\"426\" \/>Si vous n\u2019acceptez pas l\u2019utilisation des cookies, vous devez soit configurer votre navigateur en cons\u00e9quence, soit ne pas utiliser notre site. La d\u00e9sactivation des cookies peut entra\u00eener un dysfonctionnement de certaines fonctionnalit\u00e9s du site.<\/p>\n<hr data-start=\"673\" data-end=\"676\" \/>\n<h4 data-section-id=\"14631tb\" data-start=\"678\" data-end=\"710\"><span role=\"text\"><strong data-start=\"682\" data-end=\"710\">QU\u2019EST-CE QU\u2019UN COOKIE?<\/strong><\/span><\/h4>\n<p data-start=\"712\" data-end=\"1011\">Le terme \u00ab cookie \u00bb d\u00e9signe un petit fichier de donn\u00e9es constitu\u00e9 uniquement d\u2019une s\u00e9rie d\u2019informations sous forme de texte, que le site web transf\u00e8re au navigateur de votre appareil, soit temporairement pendant la dur\u00e9e de votre visite, soit pour une p\u00e9riode plus longue, selon le type de cookie.<\/p>\n<p data-start=\"1013\" data-end=\"1228\">Les cookies remplissent diff\u00e9rentes fonctions (par exemple, vous distinguer des autres utilisateurs ou m\u00e9moriser vos pr\u00e9f\u00e9rences) et sont utilis\u00e9s par la majorit\u00e9 des sites afin d\u2019am\u00e9liorer l\u2019exp\u00e9rience utilisateur.<\/p>\n<p data-start=\"1230\" data-end=\"1451\">Chaque cookie est unique pour votre navigateur et contient des informations anonymes. Il inclut g\u00e9n\u00e9ralement le nom du domaine d\u2019origine, sa dur\u00e9e de vie et une valeur (souvent un identifiant unique g\u00e9n\u00e9r\u00e9 al\u00e9atoirement).<\/p>\n<hr data-start=\"1453\" data-end=\"1456\" \/>\n<h4 data-section-id=\"62fuzf\" data-start=\"1458\" data-end=\"1482\"><span role=\"text\"><strong data-start=\"1462\" data-end=\"1482\">TYPES DE COOKIES<\/strong><\/span><\/h4>\n<p data-start=\"1484\" data-end=\"1557\">Les principaux types de cookies pouvant \u00eatre utilis\u00e9s sont les suivants :<\/p>\n<p data-start=\"1559\" data-end=\"1729\"><strong data-start=\"1559\" data-end=\"1581\">Cookies de session<\/strong><br data-start=\"1581\" data-end=\"1584\" \/>Ce sont des cookies temporaires qui restent dans votre navigateur uniquement pendant votre visite et sont supprim\u00e9s lorsque vous fermez celui-ci.<\/p>\n<p data-start=\"1731\" data-end=\"1932\"><strong data-start=\"1731\" data-end=\"1754\">Cookies persistants<\/strong><br data-start=\"1754\" data-end=\"1757\" \/>Ils restent stock\u00e9s dans votre navigateur m\u00eame apr\u00e8s sa fermeture, parfois pendant un an ou plus. Ils permettent par exemple de m\u00e9moriser vos pr\u00e9f\u00e9rences ou votre identifiant.<\/p>\n<p data-start=\"1934\" data-end=\"2105\"><strong data-start=\"1934\" data-end=\"1968\">Cookies internes (first-party)<\/strong><br data-start=\"1968\" data-end=\"1971\" \/>Ils sont install\u00e9s par le site que vous visitez et servent notamment \u00e0 la gestion des visites et \u00e0 la reconnaissance des utilisateurs.<\/p>\n<p data-start=\"2107\" data-end=\"2315\"><strong data-start=\"2107\" data-end=\"2138\">Cookies tiers (third-party)<\/strong><br data-start=\"2138\" data-end=\"2141\" \/>Ils sont plac\u00e9s par des services externes (r\u00e9seaux sociaux, plateformes publicitaires, etc.) pour suivre votre navigation. Le site n\u2019a pas de contr\u00f4le direct sur ces cookies.<\/p>\n<hr data-start=\"2317\" data-end=\"2320\" \/>\n<h4 data-section-id=\"13fsb0e\" data-start=\"2322\" data-end=\"2374\"><span role=\"text\"><strong data-start=\"2326\" data-end=\"2374\">COOKIES UTILIS\u00c9S SUR CE SITE ET LEUR GESTION<\/strong><\/span><\/h4>\n<p data-start=\"2376\" data-end=\"2532\">Nous utilisons des cookies afin d\u2019am\u00e9liorer l\u2019exp\u00e9rience des utilisateurs. Si vous les d\u00e9sactivez, certaines fonctionnalit\u00e9s du site peuvent \u00eatre affect\u00e9es.<\/p>\n<p data-start=\"2534\" data-end=\"2657\">Pour en savoir plus sur la gestion des cookies (contr\u00f4le ou suppression), vous pouvez consulter :<br data-start=\"2631\" data-end=\"2634\" \/><a class=\"decorated-link\" href=\"http:\/\/www.aboutcookies.org\" target=\"_new\" rel=\"noopener\" data-start=\"2637\" data-end=\"2657\">www.aboutcookies.org<\/a><\/p>\n<p data-start=\"2659\" data-end=\"2747\">Pour g\u00e9rer les cookies via votre navigateur, suivez les instructions selon votre outil :<\/p>\n<ul data-start=\"2749\" data-end=\"2814\">\n<li data-section-id=\"hzfmvs\" data-start=\"2749\" data-end=\"2770\">Internet Explorer<\/li>\n<li data-section-id=\"aoo9xy\" data-start=\"2771\" data-end=\"2781\">Chrome<\/li>\n<li data-section-id=\"bcdque\" data-start=\"2782\" data-end=\"2792\">Safari<\/li>\n<li data-section-id=\"cuslc1\" data-start=\"2793\" data-end=\"2804\">Firefox<\/li>\n<li data-section-id=\"7hbwkh\" data-start=\"2805\" data-end=\"2814\">Opera<\/li>\n<\/ul>\n<p data-start=\"2816\" data-end=\"2841\"><strong data-start=\"2816\" data-end=\"2839\">Appareils mobiles:<\/strong><\/p>\n<ul data-start=\"2842\" data-end=\"2864\">\n<li data-section-id=\"1oj64sz\" data-start=\"2842\" data-end=\"2853\">Android<\/li>\n<li data-section-id=\"bcdque\" data-start=\"2854\" data-end=\"2864\">Safari<\/li>\n<\/ul>\n<hr data-start=\"2866\" data-end=\"2869\" \/>\n<h4 data-section-id=\"139a6cu\" data-start=\"2871\" data-end=\"2903\"><span role=\"text\"><strong data-start=\"2875\" data-end=\"2903\">COOKIES GOOGLE ANALYTICS<\/strong><\/span><\/h4>\n<p data-start=\"2905\" data-end=\"3063\">Nous utilisons Google Analytics pour collecter des informations anonymes sur l\u2019utilisation du site (nombre de visiteurs, dur\u00e9e de visite, navigation, etc.).<\/p>\n<p data-start=\"3065\" data-end=\"3179\">Ces donn\u00e9es nous aident \u00e0 am\u00e9liorer nos services. Elles sont anonymes et ne contiennent aucune donn\u00e9e personnelle.<\/p>\n<p data-start=\"3181\" data-end=\"3288\">Les informations sont stock\u00e9es sur les serveurs de Google conform\u00e9ment \u00e0 leur politique de confidentialit\u00e9.<\/p>\n<p data-start=\"3290\" data-end=\"3430\">Plus d\u2019informations : <a class=\"decorated-link\" href=\"https:\/\/support.google.com\/analytics\/answer\/6004245\" target=\"_new\" rel=\"noopener\" data-start=\"3315\" data-end=\"3366\">https:\/\/support.google.com\/analytics\/answer\/6004245<\/a><br data-start=\"3366\" data-end=\"3369\" \/>D\u00e9sactivation : <a class=\"decorated-link\" href=\"https:\/\/tools.google.com\/dlpage\/gaoptout\" target=\"_new\" rel=\"noopener\" data-start=\"3388\" data-end=\"3428\">https:\/\/tools.google.com\/dlpage\/gaoptout<\/a><\/p>\n<p data-start=\"3432\" data-end=\"3489\">La d\u00e9sactivation n\u2019affecte pas le fonctionnement du site.<\/p>\n<hr data-start=\"3491\" data-end=\"3494\" \/>\n<h4 data-section-id=\"q0ih93\" data-start=\"3496\" data-end=\"3565\"><span role=\"text\"><strong data-start=\"3500\" data-end=\"3565\">COOKIES DES SERVICES VID\u00c9O (GOOGLE, VIMEO, DAILYMOTION, ETC.)<\/strong><\/span><\/h4>\n<p data-start=\"3567\" data-end=\"3721\">Ces services peuvent installer des cookies si vous visionnez des vid\u00e9os int\u00e9gr\u00e9es.<br data-start=\"3649\" data-end=\"3652\" \/>En les d\u00e9sactivant, certaines vid\u00e9os pourraient ne pas \u00eatre visibles.<\/p>\n<hr data-start=\"3723\" data-end=\"3726\" \/>\n<h4 data-section-id=\"1vktmpk\" data-start=\"3728\" data-end=\"3763\"><span role=\"text\"><strong data-start=\"3732\" data-end=\"3763\">COOKIES DES R\u00c9SEAUX SOCIAUX<\/strong><\/span><\/h4>\n<p data-start=\"3765\" data-end=\"3935\">Les r\u00e9seaux sociaux peuvent installer des cookies si vous partagez du contenu via les boutons int\u00e9gr\u00e9s.<br data-start=\"3868\" data-end=\"3871\" \/>Sans ces cookies, la fonction de partage ne sera pas disponible.<\/p>\n<hr data-start=\"3937\" data-end=\"3940\" \/>\n<h4 data-section-id=\"ji9ekn\" data-start=\"3942\" data-end=\"3978\"><span role=\"text\"><strong data-start=\"3946\" data-end=\"3978\">POLITIQUE DE CONFIDENTIALIT\u00c9<\/strong><\/span><\/h4>\n<p data-start=\"3980\" data-end=\"4041\">Vous pouvez consulter notre <a href=\"https:\/\/bayviewsantorini.com\/fr\/politique-de-confidentialite\/\">politique de confidentialit\u00e9 ici<\/a>.<\/p>\n<\/div><\/div><\/div><\/div><\/div><\/div><\/section>","protected":false},"excerpt":{"rendered":"<p>POLITIQUE RELATIVE AUX COOKIES En utilisant ce site web, vous acceptez notre politique et consentez \u00e0 l\u2019utilisation de cookies, conform\u00e9ment \u00e0 la pr\u00e9sente d\u00e9claration et \u00e0 la l\u00e9gislation en vigueur. La navigation sur ce site implique l\u2019acceptation de l\u2019utilisation des cookies et le stockage de ceux-ci sur votre appareil.Si vous n\u2019acceptez pas l\u2019utilisation des cookies, [&hellip;]<\/p>\n","protected":false},"author":2,"featured_media":0,"parent":0,"menu_order":0,"comment_status":"closed","ping_status":"closed","template":"","meta":{"footnotes":""},"class_list":["post-14865","page","type-page","status-publish","hentry"],"yoast_head":"<!-- This site is optimized with the Yoast SEO plugin v26.4 - https:\/\/yoast.com\/wordpress\/plugins\/seo\/ -->\n<title>Cookies - Bay View Residences<\/title>\n<meta name=\"description\" content=\"D\u00e9couvrez comment nous utilisons les cookies pour am\u00e9liorer votre exp\u00e9rience, analyser le trafic et personnaliser le contenu sur notre site.\" \/>\n<meta name=\"robots\" content=\"index, follow, max-snippet:-1, max-image-preview:large, max-video-preview:-1\" \/>\n<link rel=\"canonical\" href=\"https:\/\/bayviewsantorini.com\/fr\/cookies\/\" \/>\n<meta property=\"og:locale\" content=\"fr_FR\" \/>\n<meta property=\"og:type\" content=\"article\" \/>\n<meta property=\"og:title\" content=\"Cookies - Bay View Residences\" \/>\n<meta property=\"og:description\" content=\"D\u00e9couvrez comment nous utilisons les cookies pour am\u00e9liorer votre exp\u00e9rience, analyser le trafic et personnaliser le contenu sur notre site.\" \/>\n<meta property=\"og:url\" content=\"https:\/\/bayviewsantorini.com\/fr\/cookies\/\" \/>\n<meta property=\"og:site_name\" content=\"Bay View Residences\" \/>\n<meta property=\"article:modified_time\" content=\"2026-03-31T10:58:37+00:00\" \/>\n<meta property=\"og:image\" content=\"https:\/\/bayviewsantorini.com\/wp-content\/uploads\/BayViewResidences-13.jpg\" \/>\n\t<meta property=\"og:image:width\" content=\"2500\" \/>\n\t<meta property=\"og:image:height\" content=\"1406\" \/>\n\t<meta property=\"og:image:type\" content=\"image\/jpeg\" \/>\n<meta name=\"twitter:card\" content=\"summary_large_image\" \/>\n<meta name=\"twitter:label1\" content=\"Dur\u00e9e de lecture estim\u00e9e\" \/>\n\t<meta name=\"twitter:data1\" content=\"3 minutes\" \/>\n<script type=\"application\/ld+json\" class=\"yoast-schema-graph\">{\"@context\":\"https:\/\/schema.org\",\"@graph\":[{\"@type\":\"WebPage\",\"@id\":\"https:\/\/bayviewsantorini.com\/fr\/cookies\/\",\"url\":\"https:\/\/bayviewsantorini.com\/fr\/cookies\/\",\"name\":\"Cookies - Bay View Residences\",\"isPartOf\":{\"@id\":\"https:\/\/bayviewsantorini.com\/fr\/#website\"},\"datePublished\":\"2023-12-02T22:44:33+00:00\",\"dateModified\":\"2026-03-31T10:58:37+00:00\",\"description\":\"D\u00e9couvrez comment nous utilisons les cookies pour am\u00e9liorer votre exp\u00e9rience, analyser le trafic et personnaliser le contenu sur notre site.\",\"breadcrumb\":{\"@id\":\"https:\/\/bayviewsantorini.com\/fr\/cookies\/#breadcrumb\"},\"inLanguage\":\"fr-FR\",\"potentialAction\":[{\"@type\":\"ReadAction\",\"target\":[\"https:\/\/bayviewsantorini.com\/fr\/cookies\/\"]}]},{\"@type\":\"BreadcrumbList\",\"@id\":\"https:\/\/bayviewsantorini.com\/fr\/cookies\/#breadcrumb\",\"itemListElement\":[{\"@type\":\"ListItem\",\"position\":1,\"name\":\"Home\",\"item\":\"https:\/\/bayviewsantorini.com\/fr\/\"},{\"@type\":\"ListItem\",\"position\":2,\"name\":\"Cookies\"}]},{\"@type\":\"WebSite\",\"@id\":\"https:\/\/bayviewsantorini.com\/fr\/#website\",\"url\":\"https:\/\/bayviewsantorini.com\/fr\/\",\"name\":\"Bay View Residences\",\"description\":\"\",\"publisher\":{\"@id\":\"https:\/\/bayviewsantorini.com\/fr\/#organization\"},\"potentialAction\":[{\"@type\":\"SearchAction\",\"target\":{\"@type\":\"EntryPoint\",\"urlTemplate\":\"https:\/\/bayviewsantorini.com\/fr\/?s={search_term_string}\"},\"query-input\":{\"@type\":\"PropertyValueSpecification\",\"valueRequired\":true,\"valueName\":\"search_term_string\"}}],\"inLanguage\":\"fr-FR\"},{\"@type\":\"Organization\",\"@id\":\"https:\/\/bayviewsantorini.com\/fr\/#organization\",\"name\":\"Bay View Residences\",\"url\":\"https:\/\/bayviewsantorini.com\/fr\/\",\"logo\":{\"@type\":\"ImageObject\",\"inLanguage\":\"fr-FR\",\"@id\":\"https:\/\/bayviewsantorini.com\/fr\/#\/schema\/logo\/image\/\",\"url\":\"https:\/\/bayviewsantorini.com\/wp-content\/uploads\/bayView-logo-retina.png\",\"contentUrl\":\"https:\/\/bayviewsantorini.com\/wp-content\/uploads\/bayView-logo-retina.png\",\"width\":400,\"height\":201,\"caption\":\"Bay View Residences\"},\"image\":{\"@id\":\"https:\/\/bayviewsantorini.com\/fr\/#\/schema\/logo\/image\/\"}}]}<\/script>\n<!-- \/ Yoast SEO plugin. -->","yoast_head_json":{"title":"Cookies - Bay View Residences","description":"D\u00e9couvrez comment nous utilisons les cookies pour am\u00e9liorer votre exp\u00e9rience, analyser le trafic et personnaliser le contenu sur notre site.","robots":{"index":"index","follow":"follow","max-snippet":"max-snippet:-1","max-image-preview":"max-image-preview:large","max-video-preview":"max-video-preview:-1"},"canonical":"https:\/\/bayviewsantorini.com\/fr\/cookies\/","og_locale":"fr_FR","og_type":"article","og_title":"Cookies - Bay View Residences","og_description":"D\u00e9couvrez comment nous utilisons les cookies pour am\u00e9liorer votre exp\u00e9rience, analyser le trafic et personnaliser le contenu sur notre site.","og_url":"https:\/\/bayviewsantorini.com\/fr\/cookies\/","og_site_name":"Bay View Residences","article_modified_time":"2026-03-31T10:58:37+00:00","og_image":[{"width":2500,"height":1406,"url":"https:\/\/bayviewsantorini.com\/wp-content\/uploads\/BayViewResidences-13.jpg","type":"image\/jpeg"}],"twitter_card":"summary_large_image","twitter_misc":{"Dur\u00e9e de lecture estim\u00e9e":"3 minutes"},"schema":{"@context":"https:\/\/schema.org","@graph":[{"@type":"WebPage","@id":"https:\/\/bayviewsantorini.com\/fr\/cookies\/","url":"https:\/\/bayviewsantorini.com\/fr\/cookies\/","name":"Cookies - Bay View Residences","isPartOf":{"@id":"https:\/\/bayviewsantorini.com\/fr\/#website"},"datePublished":"2023-12-02T22:44:33+00:00","dateModified":"2026-03-31T10:58:37+00:00","description":"D\u00e9couvrez comment nous utilisons les cookies pour am\u00e9liorer votre exp\u00e9rience, analyser le trafic et personnaliser le contenu sur notre site.","breadcrumb":{"@id":"https:\/\/bayviewsantorini.com\/fr\/cookies\/#breadcrumb"},"inLanguage":"fr-FR","potentialAction":[{"@type":"ReadAction","target":["https:\/\/bayviewsantorini.com\/fr\/cookies\/"]}]},{"@type":"BreadcrumbList","@id":"https:\/\/bayviewsantorini.com\/fr\/cookies\/#breadcrumb","itemListElement":[{"@type":"ListItem","position":1,"name":"Home","item":"https:\/\/bayviewsantorini.com\/fr\/"},{"@type":"ListItem","position":2,"name":"Cookies"}]},{"@type":"WebSite","@id":"https:\/\/bayviewsantorini.com\/fr\/#website","url":"https:\/\/bayviewsantorini.com\/fr\/","name":"Bay View Residences","description":"","publisher":{"@id":"https:\/\/bayviewsantorini.com\/fr\/#organization"},"potentialAction":[{"@type":"SearchAction","target":{"@type":"EntryPoint","urlTemplate":"https:\/\/bayviewsantorini.com\/fr\/?s={search_term_string}"},"query-input":{"@type":"PropertyValueSpecification","valueRequired":true,"valueName":"search_term_string"}}],"inLanguage":"fr-FR"},{"@type":"Organization","@id":"https:\/\/bayviewsantorini.com\/fr\/#organization","name":"Bay View Residences","url":"https:\/\/bayviewsantorini.com\/fr\/","logo":{"@type":"ImageObject","inLanguage":"fr-FR","@id":"https:\/\/bayviewsantorini.com\/fr\/#\/schema\/logo\/image\/","url":"https:\/\/bayviewsantorini.com\/wp-content\/uploads\/bayView-logo-retina.png","contentUrl":"https:\/\/bayviewsantorini.com\/wp-content\/uploads\/bayView-logo-retina.png","width":400,"height":201,"caption":"Bay View Residences"},"image":{"@id":"https:\/\/bayviewsantorini.com\/fr\/#\/schema\/logo\/image\/"}}]}},"_links":{"self":[{"href":"https:\/\/bayviewsantorini.com\/fr\/wp-json\/wp\/v2\/pages\/14865","targetHints":{"allow":["GET"]}}],"collection":[{"href":"https:\/\/bayviewsantorini.com\/fr\/wp-json\/wp\/v2\/pages"}],"about":[{"href":"https:\/\/bayviewsantorini.com\/fr\/wp-json\/wp\/v2\/types\/page"}],"author":[{"embeddable":true,"href":"https:\/\/bayviewsantorini.com\/fr\/wp-json\/wp\/v2\/users\/2"}],"replies":[{"embeddable":true,"href":"https:\/\/bayviewsantorini.com\/fr\/wp-json\/wp\/v2\/comments?post=14865"}],"version-history":[{"count":4,"href":"https:\/\/bayviewsantorini.com\/fr\/wp-json\/wp\/v2\/pages\/14865\/revisions"}],"predecessor-version":[{"id":14874,"href":"https:\/\/bayviewsantorini.com\/fr\/wp-json\/wp\/v2\/pages\/14865\/revisions\/14874"}],"wp:attachment":[{"href":"https:\/\/bayviewsantorini.com\/fr\/wp-json\/wp\/v2\/media?parent=14865"}],"curies":[{"name":"wp","href":"https:\/\/api.w.org\/{rel}","templated":true}]}}