{"id":14869,"date":"2023-12-03T13:03:50","date_gmt":"2023-12-03T13:03:50","guid":{"rendered":"https:\/\/bayviewsantorini.com\/?page_id=14869"},"modified":"2026-03-31T10:03:18","modified_gmt":"2026-03-31T10:03:18","slug":"politique-de-confidentialite","status":"publish","type":"page","link":"https:\/\/bayviewsantorini.com\/fr\/politique-de-confidentialite\/","title":{"rendered":"Politique de confidentialit\u00e9"},"content":{"rendered":"<section class=\"standard-page brando-row-1 padding-ten-lr\"><div class=\"container\"><div class=\"row\"><div class=\"wpb_column brando-column-container brando-column-1  col-xs-mobile-fullwidth\" data-front-class=\"brando-column-container brando-column-1 col-xs-mobile-fullwidth front-column-class\"><div class=\"vc-column-innner-wrapper\"><div class=\"wpd-innner-wrapper\"><div class=\"brando-text-1\"><h4 data-section-id=\"1pzucn4\" data-start=\"111\" data-end=\"165\"><span role=\"text\"><strong data-start=\"115\" data-end=\"165\">POLITIQUE DE CONFIDENTIALIT\u00c9 &amp; CONFORMIT\u00c9 GDPR<\/strong><\/span><\/h4>\n<h4 data-section-id=\"10p4cjb\" data-start=\"167\" data-end=\"186\"><span role=\"text\"><strong data-start=\"171\" data-end=\"186\">G\u00c9N\u00c9RALIT\u00c9S<\/strong><\/span><\/h4>\n<p data-start=\"188\" data-end=\"503\">L\u2019utilisation des pages et services \u00e9lectroniques propos\u00e9s au visiteur\/utilisateur par le site bayviewsantorini.com, propri\u00e9t\u00e9 de Georgios Papalexis (ci-apr\u00e8s \u00ab la soci\u00e9t\u00e9 \u00bb), implique votre acceptation pleine et enti\u00e8re de la pr\u00e9sente Politique de Confidentialit\u00e9 relative \u00e0 la protection des donn\u00e9es personnelles.<\/p>\n<p data-start=\"505\" data-end=\"715\">Par cons\u00e9quent, l\u2019utilisateur doit lire attentivement le contenu de cette page avant d\u2019utiliser les services du site. En cas de d\u00e9saccord, il doit quitter le site et ne pas utiliser ses services ni son contenu.<\/p>\n<p data-start=\"717\" data-end=\"1065\">Cette politique peut \u00eatre modifi\u00e9e \u00e0 tout moment conform\u00e9ment \u00e0 la l\u00e9gislation ou aux \u00e9volutions du secteur. Nous ne notifierons pas explicitement les utilisateurs de ces modifications. Nous vous recommandons de consulter r\u00e9guli\u00e8rement cette page.<br data-start=\"964\" data-end=\"967\" \/>La poursuite de l\u2019utilisation du site apr\u00e8s toute modification vaut acceptation de ces conditions.<\/p>\n<hr data-start=\"1067\" data-end=\"1070\" \/>\n<h4 data-section-id=\"198pbyj\" data-start=\"1072\" data-end=\"1115\"><span role=\"text\"><strong data-start=\"1076\" data-end=\"1115\">PROTECTION DES DONN\u00c9ES PERSONNELLES<\/strong><\/span><\/h4>\n<p data-start=\"1117\" data-end=\"1321\">Nous collectons et traitons vos donn\u00e9es personnelles uniquement lorsque cela est strictement n\u00e9cessaire.<br data-start=\"1221\" data-end=\"1224\" \/>Nous ne vendrons, ne louerons, ne distribuerons ni ne publierons jamais vos donn\u00e9es personnelles.<\/p>\n<p data-start=\"1323\" data-end=\"1444\">Si vous avez moins de 16 ans, vous devez obtenir le consentement de vos parents avant d\u2019utiliser les services de ce site.<\/p>\n<hr data-start=\"1446\" data-end=\"1449\" \/>\n<h4 data-section-id=\"wt07gi\" data-start=\"1451\" data-end=\"1481\"><span role=\"text\"><strong data-start=\"1455\" data-end=\"1481\">L\u00c9GISLATION APPLICABLE<\/strong><\/span><\/h4>\n<p data-start=\"1483\" data-end=\"1587\">Ce site est con\u00e7u pour se conformer aux r\u00e9glementations suivantes en mati\u00e8re de protection des donn\u00e9es :<\/p>\n<ul data-start=\"1589\" data-end=\"1726\">\n<li data-section-id=\"17dew0z\" data-start=\"1589\" data-end=\"1657\">Directive europ\u00e9enne sur la protection des donn\u00e9es de 1995 (DPD)<\/li>\n<li data-section-id=\"sdh55p\" data-start=\"1658\" data-end=\"1726\">R\u00e8glement g\u00e9n\u00e9ral sur la protection des donn\u00e9es (RGPD \u2013 GDPR 2018)<\/li>\n<\/ul>\n<hr data-start=\"1728\" data-end=\"1731\" \/>\n<h4 data-section-id=\"1mcn04y\" data-start=\"1733\" data-end=\"1784\"><span role=\"text\"><strong data-start=\"1737\" data-end=\"1784\">DONN\u00c9ES PERSONNELLES COLLECT\u00c9ES ET FINALIT\u00c9<\/strong><\/span><\/h4>\n<p data-start=\"1786\" data-end=\"1861\">Ce site collecte des informations personnelles pour les raisons suivantes :<\/p>\n<h4 data-start=\"1863\" data-end=\"1897\"><span role=\"text\"><strong data-start=\"1868\" data-end=\"1897\">Analyse du trafic du site<\/strong><\/span><\/h4>\n<p data-start=\"1899\" data-end=\"2117\">Comme la plupart des sites, nous utilisons Google Analytics (GA) afin de suivre l\u2019activit\u00e9 des utilisateurs.<br data-start=\"2007\" data-end=\"2010\" \/>Ces donn\u00e9es nous permettent de comprendre le nombre de visiteurs, leur navigation et l\u2019utilisation du site.<\/p>\n<p data-start=\"2119\" data-end=\"2324\">Aucune de ces informations ne permet de vous identifier personnellement.<br data-start=\"2191\" data-end=\"2194\" \/>Bien que certaines donn\u00e9es soient collect\u00e9es (localisation, appareil, navigateur, syst\u00e8me d\u2019exploitation), elles restent anonymes.<\/p>\n<p data-start=\"2326\" data-end=\"2503\">Google Analytics enregistre \u00e9galement votre adresse IP, sans que nous ayons acc\u00e8s \u00e0 celle-ci.<br data-start=\"2419\" data-end=\"2422\" \/>Google est consid\u00e9r\u00e9 comme un sous-traitant conforme \u00e0 la l\u00e9gislation europ\u00e9enne.<\/p>\n<p data-start=\"2505\" data-end=\"2572\">Plus d\u2019informations : <a class=\"decorated-link\" href=\"https:\/\/policies.google.com\/privacy\/update\" target=\"_new\" rel=\"noopener\" data-start=\"2530\" data-end=\"2572\">https:\/\/policies.google.com\/privacy\/update<\/a><\/p>\n<hr data-start=\"2574\" data-end=\"2577\" \/>\n<h4 data-section-id=\"1j93hmi\" data-start=\"2579\" data-end=\"2599\"><span role=\"text\"><strong data-start=\"2583\" data-end=\"2599\">LIENS E-MAIL<\/strong><\/span><\/h4>\n<p data-start=\"2601\" data-end=\"2717\">Si vous nous contactez via un lien e-mail, vos donn\u00e9es ne seront pas stock\u00e9es sur ce site ni trait\u00e9es par des tiers.<\/p>\n<p data-start=\"2719\" data-end=\"2826\">Les e-mails sont envoy\u00e9s via le protocole SMTP s\u00e9curis\u00e9 (TLS\/SSL), garantissant le chiffrement des donn\u00e9es.<\/p>\n<hr data-start=\"2828\" data-end=\"2831\" \/>\n<h4 data-section-id=\"1hq5nhg\" data-start=\"2833\" data-end=\"2863\"><span role=\"text\"><strong data-start=\"2837\" data-end=\"2863\">FORMULAIRES DE CONTACT<\/strong><\/span><\/h4>\n<p data-start=\"2865\" data-end=\"3085\">Si vous utilisez un formulaire de contact, les donn\u00e9es transmises ne sont pas partag\u00e9es avec des tiers.<br data-start=\"2968\" data-end=\"2971\" \/>Elles sont utilis\u00e9es uniquement pour assurer la communication entre les utilisateurs et les gestionnaires du site.<\/p>\n<hr data-start=\"3087\" data-end=\"3090\" \/>\n<h4 data-section-id=\"1n96omp\" data-start=\"3092\" data-end=\"3107\"><span role=\"text\"><strong data-start=\"3096\" data-end=\"3107\">COOKIES<\/strong><\/span><\/h4>\n<p data-start=\"3109\" data-end=\"3202\">Pour plus d\u2019informations sur l\u2019utilisation des cookies, veuillez consulter<a href=\"https:\/\/bayviewsantorini.com\/fr\/cookies\/\"> notre page d\u00e9di\u00e9e<\/a>.<\/p>\n<hr data-start=\"3204\" data-end=\"3207\" \/>\n<h4 data-section-id=\"dxg2mi\" data-start=\"3209\" data-end=\"3249\"><span role=\"text\"><strong data-start=\"3213\" data-end=\"3249\">ACC\u00c8S \u00c0 VOS DONN\u00c9ES PERSONNELLES<\/strong><\/span><\/h4>\n<p data-start=\"3251\" data-end=\"3363\">Vous pouvez demander une copie de vos donn\u00e9es personnelles en nous contactant \u00e0:<br data-start=\"3332\" data-end=\"3335\" \/><a class=\"decorated-link cursor-pointer\" rel=\"noopener\" data-start=\"3338\" data-end=\"3363\">info@bayviewsantorini.com<\/a><\/p>\n<hr data-start=\"3365\" data-end=\"3368\" \/>\n<h4 data-section-id=\"12w8qep\" data-start=\"3370\" data-end=\"3414\"><span role=\"text\"><strong data-start=\"3374\" data-end=\"3414\">SUPPRESSION DES DONN\u00c9ES PERSONNELLES<\/strong><\/span><\/h4>\n<p data-start=\"3416\" data-end=\"3533\">Vous pouvez demander la suppression de vos donn\u00e9es personnelles en nous contactant \u00e0 :<br data-start=\"3502\" data-end=\"3505\" \/><a class=\"decorated-link cursor-pointer\" rel=\"noopener\" data-start=\"3508\" data-end=\"3533\">info@bayviewsantorini.com<\/a><\/p>\n<hr data-start=\"3535\" data-end=\"3538\" \/>\n<h4 data-section-id=\"159ekek\" data-start=\"3540\" data-end=\"3563\"><span role=\"text\"><strong data-start=\"3544\" data-end=\"3563\">SERVEUR DU SITE<\/strong><\/span><\/h4>\n<p data-start=\"3565\" data-end=\"3670\">Toutes les communications entre votre navigateur et ce site sont s\u00e9curis\u00e9es via le protocole HTTPS (SSL).<\/p>\n<p data-start=\"3672\" data-end=\"3933\">L\u2019h\u00e9bergement est assur\u00e9 par <span class=\"hover:entity-accent entity-underline inline cursor-pointer align-baseline\"><span class=\"whitespace-normal\">Papaki<\/span><\/span>, qui applique des mesures de s\u00e9curit\u00e9 conformes \u00e0 la norme ISO 27001:2013 ainsi qu\u2019aux SANS Cyber Security Controls, garantissant la confidentialit\u00e9, l\u2019int\u00e9grit\u00e9 et la disponibilit\u00e9 des donn\u00e9es.<\/p>\n<hr data-start=\"3935\" data-end=\"3938\" \/>\n<h4 data-section-id=\"1b8oeu2\" data-start=\"3940\" data-end=\"3968\"><span role=\"text\"><strong data-start=\"3944\" data-end=\"3968\">SOUS-TRAITANTS TIERS<\/strong><\/span><\/h4>\n<p data-start=\"3970\" data-end=\"4179\">Nous faisons appel \u00e0 des prestataires tiers (h\u00e9bergement, sauvegarde, marketing, etc.) pour traiter certaines donn\u00e9es.<br data-start=\"4088\" data-end=\"4091\" \/>Ces partenaires sont s\u00e9lectionn\u00e9s avec soin afin de respecter la l\u00e9gislation en vigueur.<\/p>\n<hr data-start=\"4181\" data-end=\"4184\" \/>\n<h4 data-section-id=\"rsgdma\" data-start=\"4186\" data-end=\"4214\"><span role=\"text\"><strong data-start=\"4190\" data-end=\"4214\">VIOLATION DE DONN\u00c9ES<\/strong><\/span><\/h4>\n<p data-start=\"4216\" data-end=\"4298\">Toutes les mesures n\u00e9cessaires sont prises pour prot\u00e9ger vos donn\u00e9es personnelles.<\/p>\n<p data-start=\"4300\" data-end=\"4489\">En cas de violation, nous informerons les autorit\u00e9s comp\u00e9tentes ainsi que les personnes concern\u00e9es dans un d\u00e9lai de 72 heures, si des donn\u00e9es personnelles identifiables ont \u00e9t\u00e9 compromises.<\/p>\n<\/div><\/div><\/div><\/div><\/div><\/div><\/section>","protected":false},"excerpt":{"rendered":"<p>POLITIQUE DE CONFIDENTIALIT\u00c9 &amp; CONFORMIT\u00c9 GDPR G\u00c9N\u00c9RALIT\u00c9S L\u2019utilisation des pages et services \u00e9lectroniques propos\u00e9s au visiteur\/utilisateur par le site bayviewsantorini.com, propri\u00e9t\u00e9 de Georgios Papalexis (ci-apr\u00e8s \u00ab la soci\u00e9t\u00e9 \u00bb), implique votre acceptation pleine et enti\u00e8re de la pr\u00e9sente Politique de Confidentialit\u00e9 relative \u00e0 la protection des donn\u00e9es personnelles. Par cons\u00e9quent, l\u2019utilisateur doit lire attentivement le [&hellip;]<\/p>\n","protected":false},"author":2,"featured_media":0,"parent":0,"menu_order":0,"comment_status":"closed","ping_status":"closed","template":"","meta":{"footnotes":""},"class_list":["post-14869","page","type-page","status-publish","hentry"],"yoast_head":"<!-- This site is optimized with the Yoast SEO plugin v26.4 - https:\/\/yoast.com\/wordpress\/plugins\/seo\/ -->\n<title>Politique de confidentialit\u00e9 - Bay View Residences<\/title>\n<meta name=\"description\" content=\"Consultez notre politique de confidentialit\u00e9 et d\u00e9couvrez comment nous prot\u00e9geons vos donn\u00e9es personnelles conform\u00e9ment au RGPD.\" \/>\n<meta name=\"robots\" content=\"index, follow, max-snippet:-1, max-image-preview:large, max-video-preview:-1\" \/>\n<link rel=\"canonical\" href=\"https:\/\/bayviewsantorini.com\/fr\/politique-de-confidentialite\/\" \/>\n<meta property=\"og:locale\" content=\"fr_FR\" \/>\n<meta property=\"og:type\" content=\"article\" \/>\n<meta property=\"og:title\" content=\"Politique de confidentialit\u00e9 - Bay View Residences\" \/>\n<meta property=\"og:description\" content=\"Consultez notre politique de confidentialit\u00e9 et d\u00e9couvrez comment nous prot\u00e9geons vos donn\u00e9es personnelles conform\u00e9ment au RGPD.\" \/>\n<meta property=\"og:url\" content=\"https:\/\/bayviewsantorini.com\/fr\/politique-de-confidentialite\/\" \/>\n<meta property=\"og:site_name\" content=\"Bay View Residences\" \/>\n<meta property=\"article:modified_time\" content=\"2026-03-31T10:03:18+00:00\" \/>\n<meta property=\"og:image\" content=\"https:\/\/bayviewsantorini.com\/wp-content\/uploads\/BayViewResidences-13.jpg\" \/>\n\t<meta property=\"og:image:width\" content=\"2500\" \/>\n\t<meta property=\"og:image:height\" content=\"1406\" \/>\n\t<meta property=\"og:image:type\" content=\"image\/jpeg\" \/>\n<meta name=\"twitter:card\" content=\"summary_large_image\" \/>\n<meta name=\"twitter:label1\" content=\"Dur\u00e9e de lecture estim\u00e9e\" \/>\n\t<meta name=\"twitter:data1\" content=\"3 minutes\" \/>\n<script type=\"application\/ld+json\" class=\"yoast-schema-graph\">{\"@context\":\"https:\/\/schema.org\",\"@graph\":[{\"@type\":\"WebPage\",\"@id\":\"https:\/\/bayviewsantorini.com\/fr\/politique-de-confidentialite\/\",\"url\":\"https:\/\/bayviewsantorini.com\/fr\/politique-de-confidentialite\/\",\"name\":\"Politique de confidentialit\u00e9 - Bay View Residences\",\"isPartOf\":{\"@id\":\"https:\/\/bayviewsantorini.com\/fr\/#website\"},\"datePublished\":\"2023-12-03T13:03:50+00:00\",\"dateModified\":\"2026-03-31T10:03:18+00:00\",\"description\":\"Consultez notre politique de confidentialit\u00e9 et d\u00e9couvrez comment nous prot\u00e9geons vos donn\u00e9es personnelles conform\u00e9ment au RGPD.\",\"breadcrumb\":{\"@id\":\"https:\/\/bayviewsantorini.com\/fr\/politique-de-confidentialite\/#breadcrumb\"},\"inLanguage\":\"fr-FR\",\"potentialAction\":[{\"@type\":\"ReadAction\",\"target\":[\"https:\/\/bayviewsantorini.com\/fr\/politique-de-confidentialite\/\"]}]},{\"@type\":\"BreadcrumbList\",\"@id\":\"https:\/\/bayviewsantorini.com\/fr\/politique-de-confidentialite\/#breadcrumb\",\"itemListElement\":[{\"@type\":\"ListItem\",\"position\":1,\"name\":\"Home\",\"item\":\"https:\/\/bayviewsantorini.com\/fr\/\"},{\"@type\":\"ListItem\",\"position\":2,\"name\":\"Politique de confidentialit\u00e9\"}]},{\"@type\":\"WebSite\",\"@id\":\"https:\/\/bayviewsantorini.com\/fr\/#website\",\"url\":\"https:\/\/bayviewsantorini.com\/fr\/\",\"name\":\"Bay View Residences\",\"description\":\"\",\"publisher\":{\"@id\":\"https:\/\/bayviewsantorini.com\/fr\/#organization\"},\"potentialAction\":[{\"@type\":\"SearchAction\",\"target\":{\"@type\":\"EntryPoint\",\"urlTemplate\":\"https:\/\/bayviewsantorini.com\/fr\/?s={search_term_string}\"},\"query-input\":{\"@type\":\"PropertyValueSpecification\",\"valueRequired\":true,\"valueName\":\"search_term_string\"}}],\"inLanguage\":\"fr-FR\"},{\"@type\":\"Organization\",\"@id\":\"https:\/\/bayviewsantorini.com\/fr\/#organization\",\"name\":\"Bay View Residences\",\"url\":\"https:\/\/bayviewsantorini.com\/fr\/\",\"logo\":{\"@type\":\"ImageObject\",\"inLanguage\":\"fr-FR\",\"@id\":\"https:\/\/bayviewsantorini.com\/fr\/#\/schema\/logo\/image\/\",\"url\":\"https:\/\/bayviewsantorini.com\/wp-content\/uploads\/bayView-logo-retina.png\",\"contentUrl\":\"https:\/\/bayviewsantorini.com\/wp-content\/uploads\/bayView-logo-retina.png\",\"width\":400,\"height\":201,\"caption\":\"Bay View Residences\"},\"image\":{\"@id\":\"https:\/\/bayviewsantorini.com\/fr\/#\/schema\/logo\/image\/\"}}]}<\/script>\n<!-- \/ Yoast SEO plugin. -->","yoast_head_json":{"title":"Politique de confidentialit\u00e9 - Bay View Residences","description":"Consultez notre politique de confidentialit\u00e9 et d\u00e9couvrez comment nous prot\u00e9geons vos donn\u00e9es personnelles conform\u00e9ment au RGPD.","robots":{"index":"index","follow":"follow","max-snippet":"max-snippet:-1","max-image-preview":"max-image-preview:large","max-video-preview":"max-video-preview:-1"},"canonical":"https:\/\/bayviewsantorini.com\/fr\/politique-de-confidentialite\/","og_locale":"fr_FR","og_type":"article","og_title":"Politique de confidentialit\u00e9 - Bay View Residences","og_description":"Consultez notre politique de confidentialit\u00e9 et d\u00e9couvrez comment nous prot\u00e9geons vos donn\u00e9es personnelles conform\u00e9ment au RGPD.","og_url":"https:\/\/bayviewsantorini.com\/fr\/politique-de-confidentialite\/","og_site_name":"Bay View Residences","article_modified_time":"2026-03-31T10:03:18+00:00","og_image":[{"width":2500,"height":1406,"url":"https:\/\/bayviewsantorini.com\/wp-content\/uploads\/BayViewResidences-13.jpg","type":"image\/jpeg"}],"twitter_card":"summary_large_image","twitter_misc":{"Dur\u00e9e de lecture estim\u00e9e":"3 minutes"},"schema":{"@context":"https:\/\/schema.org","@graph":[{"@type":"WebPage","@id":"https:\/\/bayviewsantorini.com\/fr\/politique-de-confidentialite\/","url":"https:\/\/bayviewsantorini.com\/fr\/politique-de-confidentialite\/","name":"Politique de confidentialit\u00e9 - Bay View Residences","isPartOf":{"@id":"https:\/\/bayviewsantorini.com\/fr\/#website"},"datePublished":"2023-12-03T13:03:50+00:00","dateModified":"2026-03-31T10:03:18+00:00","description":"Consultez notre politique de confidentialit\u00e9 et d\u00e9couvrez comment nous prot\u00e9geons vos donn\u00e9es personnelles conform\u00e9ment au RGPD.","breadcrumb":{"@id":"https:\/\/bayviewsantorini.com\/fr\/politique-de-confidentialite\/#breadcrumb"},"inLanguage":"fr-FR","potentialAction":[{"@type":"ReadAction","target":["https:\/\/bayviewsantorini.com\/fr\/politique-de-confidentialite\/"]}]},{"@type":"BreadcrumbList","@id":"https:\/\/bayviewsantorini.com\/fr\/politique-de-confidentialite\/#breadcrumb","itemListElement":[{"@type":"ListItem","position":1,"name":"Home","item":"https:\/\/bayviewsantorini.com\/fr\/"},{"@type":"ListItem","position":2,"name":"Politique de confidentialit\u00e9"}]},{"@type":"WebSite","@id":"https:\/\/bayviewsantorini.com\/fr\/#website","url":"https:\/\/bayviewsantorini.com\/fr\/","name":"Bay View Residences","description":"","publisher":{"@id":"https:\/\/bayviewsantorini.com\/fr\/#organization"},"potentialAction":[{"@type":"SearchAction","target":{"@type":"EntryPoint","urlTemplate":"https:\/\/bayviewsantorini.com\/fr\/?s={search_term_string}"},"query-input":{"@type":"PropertyValueSpecification","valueRequired":true,"valueName":"search_term_string"}}],"inLanguage":"fr-FR"},{"@type":"Organization","@id":"https:\/\/bayviewsantorini.com\/fr\/#organization","name":"Bay View Residences","url":"https:\/\/bayviewsantorini.com\/fr\/","logo":{"@type":"ImageObject","inLanguage":"fr-FR","@id":"https:\/\/bayviewsantorini.com\/fr\/#\/schema\/logo\/image\/","url":"https:\/\/bayviewsantorini.com\/wp-content\/uploads\/bayView-logo-retina.png","contentUrl":"https:\/\/bayviewsantorini.com\/wp-content\/uploads\/bayView-logo-retina.png","width":400,"height":201,"caption":"Bay View Residences"},"image":{"@id":"https:\/\/bayviewsantorini.com\/fr\/#\/schema\/logo\/image\/"}}]}},"_links":{"self":[{"href":"https:\/\/bayviewsantorini.com\/fr\/wp-json\/wp\/v2\/pages\/14869","targetHints":{"allow":["GET"]}}],"collection":[{"href":"https:\/\/bayviewsantorini.com\/fr\/wp-json\/wp\/v2\/pages"}],"about":[{"href":"https:\/\/bayviewsantorini.com\/fr\/wp-json\/wp\/v2\/types\/page"}],"author":[{"embeddable":true,"href":"https:\/\/bayviewsantorini.com\/fr\/wp-json\/wp\/v2\/users\/2"}],"replies":[{"embeddable":true,"href":"https:\/\/bayviewsantorini.com\/fr\/wp-json\/wp\/v2\/comments?post=14869"}],"version-history":[{"count":4,"href":"https:\/\/bayviewsantorini.com\/fr\/wp-json\/wp\/v2\/pages\/14869\/revisions"}],"predecessor-version":[{"id":14873,"href":"https:\/\/bayviewsantorini.com\/fr\/wp-json\/wp\/v2\/pages\/14869\/revisions\/14873"}],"wp:attachment":[{"href":"https:\/\/bayviewsantorini.com\/fr\/wp-json\/wp\/v2\/media?parent=14869"}],"curies":[{"name":"wp","href":"https:\/\/api.w.org\/{rel}","templated":true}]}}